{"id":459033,"date":"2023-05-22T05:00:27","date_gmt":"2023-05-22T05:00:27","guid":{"rendered":"https:\/\/proxycompass.com\/?page_id=459033"},"modified":"2024-02-22T18:22:30","modified_gmt":"2024-02-22T18:22:30","slug":"locations","status":"publish","type":"page","link":"https:\/\/proxycompass.com\/vi\/locations\/","title":{"rendered":"Ch\u1ecdn proxy theo v\u1ecb tr\u00ed"},"content":{"rendered":"<p>T\u1ea1i \u0111\u00e2y, b\u1ea1n c\u00f3 quy\u1ec1n ch\u1ecdn m\u00e1y ch\u1ee7 proxy t\u1eeb nhi\u1ec1u \u0111\u1ecba \u0111i\u1ec3m tr\u00ean to\u00e0n c\u1ea7u. Cho d\u00f9 b\u1ea1n c\u1ea7n v\u01b0\u1ee3t qua c\u00e1c gi\u1edbi h\u1ea1n \u0111\u1ecba l\u00fd, b\u1ea3o v\u1ec7 danh t\u00ednh c\u1ee7a m\u00ecnh hay ti\u1ebfn h\u00e0nh nghi\u00ean c\u1ee9u th\u1ecb tr\u01b0\u1eddng \u1edf c\u00e1c khu v\u1ef1c c\u1ee5 th\u1ec3, c\u01a1 s\u1edf d\u1eef li\u1ec7u m\u00e1y ch\u1ee7 proxy to\u00e0n di\u1ec7n c\u1ee7a ch\u00fang t\u00f4i s\u1ebd \u0111\u1ea3m b\u1ea3o b\u1ea1n c\u00f3 s\u1ef1 linh ho\u1ea1t v\u00e0 kh\u1ea3 n\u0103ng ki\u1ec3m so\u00e1t \u0111\u1ec3 \u0111i\u1ec1u ch\u1ec9nh s\u1ef1 hi\u1ec7n di\u1ec7n tr\u1ef1c tuy\u1ebfn c\u1ee7a m\u00ecnh.<\/p>\n\n\n\n<p>C\u00e1c t\u00ednh n\u0103ng ch\u00ednh:<\/p>\n\n\n\n<ol class=\"wp-block-list\">\n<li>L\u1ef1a ch\u1ecdn \u0111\u1ecba \u0111i\u1ec3m m\u1edf r\u1ed9ng: N\u1ec1n t\u1ea3ng c\u1ee7a ch\u00fang t\u00f4i cung c\u1ea5p danh s\u00e1ch phong ph\u00fa c\u00e1c \u0111\u1ecba \u0111i\u1ec3m tr\u00ean to\u00e0n c\u1ea7u, t\u1eeb c\u00e1c th\u00e0nh ph\u1ed1 l\u1edbn \u0111\u1ebfn c\u00e1c v\u00f9ng s\u00e2u v\u00f9ng xa. S\u1ef1 \u0111a d\u1ea1ng n\u00e0y cho ph\u00e9p b\u1ea1n duy\u1ec7t web nh\u01b0 th\u1ec3 b\u1ea1n \u0111ang c\u00f3 m\u1eb7t t\u1ea1i \u0111\u1ecba \u0111i\u1ec3m \u0111\u00e3 ch\u1ecdn, m\u1edf kh\u00f3a n\u1ed9i dung v\u00e0 d\u1ecbch v\u1ee5 d\u00e0nh ri\u00eang cho t\u1eebng khu v\u1ef1c.<\/li>\n\n\n\n<li>K\u1ebft n\u1ed1i t\u1ed1c \u0111\u1ed9 cao: Ch\u00fang t\u00f4i hi\u1ec3u t\u1ea7m quan tr\u1ecdng c\u1ee7a tr\u1ea3i nghi\u1ec7m duy\u1ec7t web li\u1ec1n m\u1ea1ch. M\u00e1y ch\u1ee7 proxy c\u1ee7a ch\u00fang t\u00f4i \u0111\u01b0\u1ee3c t\u1ed1i \u01b0u h\u00f3a \u0111\u1ec3 cung c\u1ea5p cho b\u1ea1n k\u1ebft n\u1ed1i t\u1ed1c \u0111\u1ed9 cao, \u0111\u1ea3m b\u1ea3o \u0111\u1ed9 tr\u1ec5 t\u1ed1i thi\u1ec3u v\u00e0 th\u1eddi gian ph\u1ea3n h\u1ed3i nhanh trong khi v\u1eabn duy tr\u00ec quy\u1ec1n ri\u00eang t\u01b0 v\u00e0 b\u1ea3o m\u1eadt c\u1ee7a b\u1ea1n.<\/li>\n\n\n\n<li>\u1ea8n danh v\u00e0 quy\u1ec1n ri\u00eang t\u01b0: Quy\u1ec1n ri\u00eang t\u01b0 l\u00e0 quy\u1ec1n c\u01a1 b\u1ea3n v\u00e0 ch\u00fang t\u00f4i r\u1ea5t coi tr\u1ecdng quy\u1ec1n ri\u00eang t\u01b0 n\u00e0y. B\u1eb1ng c\u00e1ch \u0111\u1ecbnh tuy\u1ebfn l\u01b0u l\u01b0\u1ee3ng truy c\u1eadp internet c\u1ee7a b\u1ea1n th\u00f4ng qua m\u00e1y ch\u1ee7 proxy c\u1ee7a ch\u00fang t\u00f4i, b\u1ea1n c\u00f3 th\u1ec3 b\u1ea3o v\u1ec7 \u0111\u1ecba ch\u1ec9 IP th\u1ef1c c\u1ee7a m\u00ecnh, g\u00e2y kh\u00f3 kh\u0103n cho c\u00e1c trang web v\u00e0 d\u1ecbch v\u1ee5 tr\u1ef1c tuy\u1ebfn theo d\u00f5i ho\u1ea1t \u0111\u1ed9ng tr\u1ef1c tuy\u1ebfn c\u1ee7a b\u1ea1n. C\u1ea3m th\u1ea5y t\u1ef1 tin khi bi\u1ebft r\u1eb1ng th\u00f4ng tin c\u00e1 nh\u00e2n c\u1ee7a b\u1ea1n v\u1eabn \u0111\u01b0\u1ee3c b\u1ea3o v\u1ec7.<\/li>\n\n\n\n<li>M\u00e3 h\u00f3a an to\u00e0n: M\u00e1y ch\u1ee7 proxy c\u1ee7a ch\u00fang t\u00f4i s\u1eed d\u1ee5ng c\u00e1c giao th\u1ee9c m\u00e3 h\u00f3a m\u1ea1nh m\u1ebd \u0111\u1ec3 b\u1ea3o m\u1eadt d\u1eef li\u1ec7u v\u00e0 th\u00f4ng tin li\u00ean l\u1ea1c c\u1ee7a b\u1ea1n. \u0110i\u1ec1u n\u00e0y c\u00f3 ngh\u0129a l\u00e0 th\u00f4ng tin nh\u1ea1y c\u1ea3m c\u1ee7a b\u1ea1n, ch\u1eb3ng h\u1ea1n nh\u01b0 th\u00f4ng tin \u0111\u0103ng nh\u1eadp ho\u1eb7c chi ti\u1ebft t\u00e0i ch\u00ednh, v\u1eabn \u0111\u01b0\u1ee3c b\u1ea3o v\u1ec7 kh\u1ecfi nh\u1eefng con m\u1eaft t\u00f2 m\u00f2, \u0111\u1ea3m b\u1ea3o tr\u1ea3i nghi\u1ec7m tr\u1ef1c tuy\u1ebfn an to\u00e0n.<\/li>\n\n\n\n<li>Giao di\u1ec7n th\u00e2n thi\u1ec7n v\u1edbi ng\u01b0\u1eddi d\u00f9ng: Ch\u00fang t\u00f4i tin r\u1eb1ng s\u1ef1 \u0111\u01a1n gi\u1ea3n l\u00e0 ch\u00eca kh\u00f3a. Giao di\u1ec7n th\u00e2n thi\u1ec7n v\u1edbi ng\u01b0\u1eddi d\u00f9ng c\u1ee7a ch\u00fang t\u00f4i gi\u00fap b\u1ea1n d\u1ec5 d\u00e0ng \u0111i\u1ec1u h\u01b0\u1edbng qua nhi\u1ec1u v\u1ecb tr\u00ed kh\u00e1c nhau, ch\u1ecdn m\u00e1y ch\u1ee7 proxy \u01b0a th\u00edch v\u00e0 b\u1eaft \u0111\u1ea7u k\u1ebft n\u1ed1i ch\u1ec9 trong v\u00e0i c\u00fa nh\u1ea5p chu\u1ed9t. Kh\u00f4ng c\u1ea7n chuy\u00ean m\u00f4n k\u1ef9 thu\u1eadt!<\/li>\n<\/ol>\n\n\n\n<p>C\u00e1ch s\u1eed d\u1ee5ng:<\/p>\n\n\n\n<ol class=\"wp-block-list\">\n<li>Ch\u1ecdn V\u1ecb tr\u00ed: Duy\u1ec7t qua danh s\u00e1ch c\u00e1c v\u1ecb tr\u00ed c\u00f3 s\u1eb5n v\u00e0 ch\u1ecdn v\u1ecb tr\u00ed ph\u00f9 h\u1ee3p v\u1edbi nhu c\u1ea7u c\u1ee7a b\u1ea1n. B\u1ea1n c\u00f3 th\u1ec3 l\u1ecdc theo qu\u1ed1c gia, th\u00e0nh ph\u1ed1 ho\u1eb7c khu v\u1ef1c \u0111\u1ec3 thu h\u1eb9p c\u00e1c l\u1ef1a ch\u1ecdn c\u1ee7a m\u00ecnh.<\/li>\n\n\n\n<li>Ch\u1ecdn M\u00e1y ch\u1ee7 proxy: Sau khi b\u1ea1n \u0111\u00e3 ch\u1ecdn v\u1ecb tr\u00ed mong mu\u1ed1n, h\u00e3y kh\u00e1m ph\u00e1 c\u00e1c m\u00e1y ch\u1ee7 proxy c\u00f3 s\u1eb5n trong v\u1ecb tr\u00ed \u0111\u00f3. M\u1ed7i m\u00e1y ch\u1ee7 \u0111\u1ec1u c\u00f3 c\u00e1c chi ti\u1ebft nh\u01b0 t\u1ed1c \u0111\u1ed9, th\u1eddi gian ho\u1ea1t \u0111\u1ed9ng v\u00e0 x\u1ebfp h\u1ea1ng c\u1ee7a ng\u01b0\u1eddi d\u00f9ng \u0111\u1ec3 gi\u00fap b\u1ea1n \u0111\u01b0a ra quy\u1ebft \u0111\u1ecbnh s\u00e1ng su\u1ed1t.<\/li>\n\n\n\n<li>K\u1ebft n\u1ed1i v\u00e0 t\u1eadn h\u01b0\u1edfng: Sau khi ch\u1ecdn m\u00e1y ch\u1ee7 proxy, ch\u1ec9 c\u1ea7n nh\u1ea5p v\u00e0o n\u00fat k\u1ebft n\u1ed1i v\u00e0 trong gi\u00e2y l\u00e1t, b\u1ea1n s\u1ebd \u0111\u01b0\u1ee3c k\u1ebft n\u1ed1i v\u1edbi Internet th\u00f4ng qua v\u1ecb tr\u00ed b\u1ea1n \u0111\u00e3 ch\u1ecdn. B\u1eaft \u0111\u1ea7u t\u1eadn h\u01b0\u1edfng quy\u1ec1n truy c\u1eadp kh\u00f4ng h\u1ea1n ch\u1ebf v\u00e0o n\u1ed9i dung theo khu v\u1ef1c c\u1ee5 th\u1ec3 ho\u1eb7c th\u1ef1c hi\u1ec7n c\u00e1c ho\u1ea1t \u0111\u1ed9ng tr\u1ef1c tuy\u1ebfn c\u1ee7a b\u1ea1n v\u1edbi quy\u1ec1n ri\u00eang t\u01b0 n\u00e2ng cao.<\/li>\n<\/ol>\n\n\n\n<p>L\u01b0u \u00fd: \u0110i\u1ec1u quan tr\u1ecdng c\u1ea7n nh\u1edb l\u00e0 m\u1eb7c d\u00f9 proxy mang l\u1ea1i s\u1ef1 ri\u00eang t\u01b0 v\u00e0 \u1ea9n danh cao h\u01a1n nh\u01b0ng ch\u00fang kh\u00f4ng th\u1ec3 an to\u00e0n \u0111\u01b0\u1ee3c. Ch\u00fang t\u00f4i khuy\u00ean b\u1ea1n n\u00ean s\u1eed d\u1ee5ng c\u00e1c bi\u1ec7n ph\u00e1p b\u1ea3o m\u1eadt b\u1ed5 sung, ch\u1eb3ng h\u1ea1n nh\u01b0 ch\u01b0\u01a1ng tr\u00ecnh ch\u1ed1ng vi-r\u00fat \u0111\u00e1ng tin c\u1eady v\u00e0 th\u1ef1c h\u00e0nh th\u00f3i quen duy\u1ec7t web an to\u00e0n, \u0111\u1ec3 \u0111\u1ea3m b\u1ea3o chi\u1ebfn l\u01b0\u1ee3c b\u1ea3o v\u1ec7 tr\u1ef1c tuy\u1ebfn to\u00e0n di\u1ec7n.<\/p>\n\n\n\n<p>Ki\u1ec3m so\u00e1t tr\u1ea3i nghi\u1ec7m tr\u1ef1c tuy\u1ebfn c\u1ee7a b\u1ea1n v\u00e0 kh\u00e1m ph\u00e1 th\u1ebf gi\u1edbi b\u1eb1ng trang \u201cCh\u1ecdn proxy theo v\u1ecb tr\u00ed\u201d c\u1ee7a ch\u00fang t\u00f4i. N\u00e2ng cao quy\u1ec1n ri\u00eang t\u01b0 c\u1ee7a b\u1ea1n, truy c\u1eadp n\u1ed9i dung b\u1ecb h\u1ea1n ch\u1ebf v\u00e0 t\u1eadn h\u01b0\u1edfng tr\u1ea3i nghi\u1ec7m Internet to\u00e0n c\u1ea7u th\u1ef1c s\u1ef1 h\u01a1n bao gi\u1edd h\u1ebft.<\/p>","protected":false},"excerpt":{"rendered":"<p>Here, you have the power to select a proxy server from a vast range of locations across the globe. Whether you need to bypass geo-restrictions, protect your identity, or conduct market research in specific regions, our comprehensive database of proxy servers ensures you have the flexibility and control to tailor your online presence. Key Features: [&hellip;]<\/p>\n","protected":false},"author":1,"featured_media":0,"parent":0,"menu_order":0,"comment_status":"closed","ping_status":"closed","template":"page-locations.php","meta":{"_acf_changed":false,"inline_featured_image":false,"footnotes":""},"class_list":["post-459033","page","type-page","status-publish","hentry"],"acf":[],"_links":{"self":[{"href":"https:\/\/proxycompass.com\/vi\/wp-json\/wp\/v2\/pages\/459033","targetHints":{"allow":["GET"]}}],"collection":[{"href":"https:\/\/proxycompass.com\/vi\/wp-json\/wp\/v2\/pages"}],"about":[{"href":"https:\/\/proxycompass.com\/vi\/wp-json\/wp\/v2\/types\/page"}],"author":[{"embeddable":true,"href":"https:\/\/proxycompass.com\/vi\/wp-json\/wp\/v2\/users\/1"}],"replies":[{"embeddable":true,"href":"https:\/\/proxycompass.com\/vi\/wp-json\/wp\/v2\/comments?post=459033"}],"version-history":[{"count":0,"href":"https:\/\/proxycompass.com\/vi\/wp-json\/wp\/v2\/pages\/459033\/revisions"}],"wp:attachment":[{"href":"https:\/\/proxycompass.com\/vi\/wp-json\/wp\/v2\/media?parent=459033"}],"curies":[{"name":"wp","href":"https:\/\/api.w.org\/{rel}","templated":true}]}}