{"id":460155,"date":"2023-05-22T08:46:01","date_gmt":"2023-05-22T08:46:01","guid":{"rendered":"https:\/\/proxycompass.com\/?page_id=460155"},"modified":"2024-05-15T13:22:25","modified_gmt":"2024-05-15T13:22:25","slug":"reviews","status":"publish","type":"page","link":"https:\/\/proxycompass.com\/vi\/reviews\/","title":{"rendered":"\u0110\u00e1nh gi\u00e1"},"content":{"rendered":"","protected":false},"excerpt":{"rendered":"","protected":false},"author":1,"featured_media":0,"parent":0,"menu_order":0,"comment_status":"closed","ping_status":"closed","template":"page-reviews.php","meta":{"_acf_changed":false,"inline_featured_image":false,"footnotes":""},"class_list":["post-460155","page","type-page","status-publish","hentry"],"acf":[],"_links":{"self":[{"href":"https:\/\/proxycompass.com\/vi\/wp-json\/wp\/v2\/pages\/460155","targetHints":{"allow":["GET"]}}],"collection":[{"href":"https:\/\/proxycompass.com\/vi\/wp-json\/wp\/v2\/pages"}],"about":[{"href":"https:\/\/proxycompass.com\/vi\/wp-json\/wp\/v2\/types\/page"}],"author":[{"embeddable":true,"href":"https:\/\/proxycompass.com\/vi\/wp-json\/wp\/v2\/users\/1"}],"replies":[{"embeddable":true,"href":"https:\/\/proxycompass.com\/vi\/wp-json\/wp\/v2\/comments?post=460155"}],"version-history":[{"count":1,"href":"https:\/\/proxycompass.com\/vi\/wp-json\/wp\/v2\/pages\/460155\/revisions"}],"predecessor-version":[{"id":470325,"href":"https:\/\/proxycompass.com\/vi\/wp-json\/wp\/v2\/pages\/460155\/revisions\/470325"}],"wp:attachment":[{"href":"https:\/\/proxycompass.com\/vi\/wp-json\/wp\/v2\/media?parent=460155"}],"curies":[{"name":"wp","href":"https:\/\/api.w.org\/{rel}","templated":true}]}}