{"id":460158,"date":"2023-05-22T09:02:20","date_gmt":"2023-05-22T09:02:20","guid":{"rendered":"https:\/\/proxycompass.com\/?page_id=460158"},"modified":"2025-01-20T09:19:09","modified_gmt":"2025-01-20T09:19:09","slug":"faq","status":"publish","type":"page","link":"https:\/\/proxycompass.com\/vi\/faq\/","title":{"rendered":"C\u00e1c c\u00e2u h\u1ecfi th\u01b0\u1eddng g\u1eb7p"},"content":{"rendered":"<p>Sau \u0111\u00e2y l\u00e0 c\u00e2u tr\u1ea3 l\u1eddi cho nh\u1eefng c\u00e2u h\u1ecfi th\u01b0\u1eddng g\u1eb7p. N\u1ebfu b\u1ea1n kh\u00f4ng th\u1ea5y c\u00e2u tr\u1ea3 l\u1eddi c\u1ee7a m\u00ecnh, h\u00e3y li\u00ean h\u1ec7 v\u1edbi ch\u00fang t\u00f4i\u2014ch\u00fang t\u00f4i s\u1ebd r\u1ea5t vui l\u00f2ng tr\u1ee3 gi\u00fap!<\/p>","protected":false},"excerpt":{"rendered":"<p>Sau \u0111\u00e2y l\u00e0 c\u00e2u tr\u1ea3 l\u1eddi cho nh\u1eefng c\u00e2u h\u1ecfi th\u01b0\u1eddng g\u1eb7p. N\u1ebfu b\u1ea1n kh\u00f4ng th\u1ea5y c\u00e2u tr\u1ea3 l\u1eddi c\u1ee7a m\u00ecnh, h\u00e3y li\u00ean h\u1ec7 v\u1edbi ch\u00fang t\u00f4i\u2014ch\u00fang t\u00f4i s\u1ebd r\u1ea5t vui l\u00f2ng tr\u1ee3 gi\u00fap!<\/p>","protected":false},"author":1,"featured_media":0,"parent":0,"menu_order":0,"comment_status":"closed","ping_status":"closed","template":"page-faq.php","meta":{"_acf_changed":false,"inline_featured_image":false,"footnotes":""},"class_list":["post-460158","page","type-page","status-publish","hentry"],"acf":[],"_links":{"self":[{"href":"https:\/\/proxycompass.com\/vi\/wp-json\/wp\/v2\/pages\/460158","targetHints":{"allow":["GET"]}}],"collection":[{"href":"https:\/\/proxycompass.com\/vi\/wp-json\/wp\/v2\/pages"}],"about":[{"href":"https:\/\/proxycompass.com\/vi\/wp-json\/wp\/v2\/types\/page"}],"author":[{"embeddable":true,"href":"https:\/\/proxycompass.com\/vi\/wp-json\/wp\/v2\/users\/1"}],"replies":[{"embeddable":true,"href":"https:\/\/proxycompass.com\/vi\/wp-json\/wp\/v2\/comments?post=460158"}],"version-history":[{"count":9,"href":"https:\/\/proxycompass.com\/vi\/wp-json\/wp\/v2\/pages\/460158\/revisions"}],"predecessor-version":[{"id":471370,"href":"https:\/\/proxycompass.com\/vi\/wp-json\/wp\/v2\/pages\/460158\/revisions\/471370"}],"wp:attachment":[{"href":"https:\/\/proxycompass.com\/vi\/wp-json\/wp\/v2\/media?parent=460158"}],"curies":[{"name":"wp","href":"https:\/\/api.w.org\/{rel}","templated":true}]}}