{"id":460491,"date":"2023-05-27T06:06:14","date_gmt":"2023-05-27T06:06:14","guid":{"rendered":"https:\/\/proxycompass.com\/?page_id=460491"},"modified":"2024-09-17T12:40:24","modified_gmt":"2024-09-17T12:40:24","slug":"privacy-policy","status":"publish","type":"page","link":"https:\/\/proxycompass.com\/vi\/privacy-policy\/","title":{"rendered":"Ch\u00ednh s\u00e1ch b\u1ea3o m\u1eadt"},"content":{"rendered":"<h2 class=\"wp-block-heading\">Ch\u00ednh s\u00e1ch b\u1ea3o m\u1eadt<\/h2>\n\n\n\n<p><br><br>\u0110\u1ed1i v\u1edbi ch\u00fang t\u00f4i, \u201cth\u00f4ng tin c\u00e1 nh\u00e2n\u201d ngh\u0129a l\u00e0 th\u00f4ng tin tr\u1ef1c ti\u1ebfp nh\u1eadn d\u1ea1ng b\u1ea1n (nh\u01b0 t\u00ean, \u0111\u1ecba ch\u1ec9 email ho\u1eb7c th\u00f4ng tin thanh to\u00e1n) ho\u1eb7c c\u00f3 th\u1ec3 \u0111\u01b0\u1ee3c li\u00ean k\u1ebft ho\u1eb7c k\u1ebft h\u1ee3p h\u1ee3p l\u00fd \u0111\u1ec3 nh\u1eadn d\u1ea1ng b\u1ea1n (nh\u01b0 s\u1ed1 nh\u1eadn d\u1ea1ng t\u00e0i kho\u1ea3n ho\u1eb7c \u0111\u1ecba ch\u1ec9 IP). Ch\u00fang t\u00f4i s\u1ebd lu\u00f4n cho b\u1ea1n bi\u1ebft th\u00f4ng tin c\u00e1 nh\u00e2n n\u00e0o ch\u00fang t\u00f4i \u0111ang thu th\u1eadp t\u1eeb b\u1ea1n. Xem Th\u00f4ng b\u00e1o v\u1ec1 quy\u1ec1n ri\u00eang t\u01b0 c\u1ee7a t\u1eebng s\u1ea3n ph\u1ea9m \u0111\u1ec3 bi\u1ebft chi ti\u1ebft c\u1ee5 th\u1ec3.<\/p>\n\n\n\n<p>B\u1ea5t k\u1ef3 th\u00f4ng tin n\u00e0o n\u1eb1m ngo\u00e0i ph\u1ea1m vi n\u00e0y \u0111\u1ec1u l\u00e0 \u201cth\u00f4ng tin phi c\u00e1 nh\u00e2n\u201d.<\/p>\n\n\n\n<p>N\u1ebfu ch\u00fang t\u00f4i l\u01b0u tr\u1eef th\u00f4ng tin c\u00e1 nh\u00e2n c\u1ee7a b\u1ea1n c\u00f9ng v\u1edbi th\u00f4ng tin phi c\u00e1 nh\u00e2n, ch\u00fang t\u00f4i s\u1ebd coi s\u1ef1 k\u1ebft h\u1ee3p \u0111\u00f3 l\u00e0 th\u00f4ng tin c\u00e1 nh\u00e2n. N\u1ebfu ch\u00fang t\u00f4i x\u00f3a t\u1ea5t c\u1ea3 th\u00f4ng tin c\u00e1 nh\u00e2n kh\u1ecfi m\u1ed9t t\u1eadp h\u1ee3p d\u1eef li\u1ec7u th\u00ec ph\u1ea7n c\u00f2n l\u1ea1i l\u00e0 th\u00f4ng tin phi c\u00e1 nh\u00e2n.<\/p>\n\n\n\n<p><strong>L\u00e0m th\u1ebf n\u00e0o \u0111\u1ec3 ch\u00fang t\u00f4i t\u00ecm hi\u1ec3u th\u00f4ng tin v\u1ec1 b\u1ea1n?<\/strong><\/p>\n\n\n\n<p>Ch\u00fang t\u00f4i t\u00ecm hi\u1ec3u th\u00f4ng tin v\u1ec1 b\u1ea1n khi:<\/p>\n\n\n\n<ul class=\"wp-block-list\">\n<li>b\u1ea1n \u0111\u01b0a tr\u1ef1c ti\u1ebfp cho ch\u00fang t\u00f4i (v\u00ed d\u1ee5: khi b\u1ea1n ch\u1ecdn g\u1eedi cho ch\u00fang t\u00f4i b\u00e1o c\u00e1o s\u1ef1 c\u1ed1);<\/li>\n\n\n\n<li>ch\u00fang t\u00f4i t\u1ef1 \u0111\u1ed9ng thu th\u1eadp th\u00f4ng tin \u0111\u00f3 th\u00f4ng qua c\u00e1c s\u1ea3n ph\u1ea9m v\u00e0 d\u1ecbch v\u1ee5 c\u1ee7a m\u00ecnh;<\/li>\n\n\n\n<li>khi ch\u00fang t\u00f4i c\u1ed1 g\u1eafng hi\u1ec3u th\u00eam v\u1ec1 b\u1ea1n d\u1ef1a tr\u00ean th\u00f4ng tin b\u1ea1n \u0111\u00e3 cung c\u1ea5p cho ch\u00fang t\u00f4i (v\u00ed d\u1ee5: khi ch\u00fang t\u00f4i s\u1eed d\u1ee5ng \u0111\u1ecba ch\u1ec9 IP c\u1ee7a b\u1ea1n \u0111\u1ec3 t\u00f9y ch\u1ec9nh ng\u00f4n ng\u1eef cho m\u1ed9t s\u1ed1 d\u1ecbch v\u1ee5 c\u1ee7a ch\u00fang t\u00f4i).<\/li>\n<\/ul>\n\n\n\n<p><strong>Ch\u00fang t\u00f4i s\u1ebd l\u00e0m g\u00ec v\u1edbi th\u00f4ng tin c\u1ee7a b\u1ea1n sau khi c\u00f3 \u0111\u01b0\u1ee3c n\u00f3?<\/strong><\/p>\n\n\n\n<p>Khi b\u1ea1n cung c\u1ea5p th\u00f4ng tin cho ch\u00fang t\u00f4i, ch\u00fang t\u00f4i s\u1ebd s\u1eed d\u1ee5ng th\u00f4ng tin \u0111\u00f3 theo c\u00e1ch m\u00e0 b\u1ea1n \u0111\u00e3 cho ph\u00e9p. N\u00f3i chung, ch\u00fang t\u00f4i s\u1eed d\u1ee5ng th\u00f4ng tin c\u1ee7a b\u1ea1n \u0111\u1ec3 gi\u00fap ch\u00fang t\u00f4i cung c\u1ea5p v\u00e0 c\u1ea3i thi\u1ec7n c\u00e1c s\u1ea3n ph\u1ea9m v\u00e0 d\u1ecbch v\u1ee5 cho b\u1ea1n.<\/p>\n\n\n\n<p><strong>Khi n\u00e0o ch\u00fang t\u00f4i chia s\u1ebb th\u00f4ng tin c\u1ee7a b\u1ea1n v\u1edbi ng\u01b0\u1eddi kh\u00e1c?<\/strong><\/p>\n\n\n\n<ul class=\"wp-block-list\">\n<li>Khi lu\u1eadt ph\u00e1p y\u00eau c\u1ea7u \u0111i\u1ec1u \u0111\u00f3. Ch\u00fang t\u00f4i tu\u00e2n th\u1ee7 lu\u1eadt ph\u00e1p b\u1ea5t c\u1ee9 khi n\u00e0o ch\u00fang t\u00f4i nh\u1eadn \u0111\u01b0\u1ee3c y\u00eau c\u1ea7u v\u1ec1 b\u1ea1n t\u1eeb ch\u00ednh ph\u1ee7 ho\u1eb7c li\u00ean quan \u0111\u1ebfn m\u1ed9t v\u1ee5 ki\u1ec7n. Ch\u00fang t\u00f4i s\u1ebd th\u00f4ng b\u00e1o cho b\u1ea1n khi ch\u00fang t\u00f4i \u0111\u01b0\u1ee3c y\u00eau c\u1ea7u cung c\u1ea5p th\u00f4ng tin c\u00e1 nh\u00e2n c\u1ee7a b\u1ea1n theo c\u00e1ch n\u00e0y tr\u1eeb khi ch\u00fang t\u00f4i b\u1ecb ph\u00e1p lu\u1eadt c\u1ea5m l\u00e0m nh\u01b0 v\u1eady. Khi ch\u00fang t\u00f4i nh\u1eadn \u0111\u01b0\u1ee3c nh\u1eefng y\u00eau c\u1ea7u nh\u01b0 th\u1ebf n\u00e0y, ch\u00fang t\u00f4i s\u1ebd ch\u1ec9 ti\u1ebft l\u1ed9 th\u00f4ng tin c\u00e1 nh\u00e2n c\u1ee7a b\u1ea1n n\u1ebfu ch\u00fang t\u00f4i th\u1ef1c s\u1ef1 tin r\u1eb1ng lu\u1eadt ph\u00e1p y\u00eau c\u1ea7u ch\u00fang t\u00f4i l\u00e0m nh\u01b0 v\u1eady. Kh\u00f4ng c\u00f3 n\u1ed9i dung n\u00e0o trong ch\u00ednh s\u00e1ch n\u00e0y nh\u1eb1m h\u1ea1n ch\u1ebf b\u1ea5t k\u1ef3 bi\u1ec7n ph\u00e1p b\u1ea3o v\u1ec7 ho\u1eb7c ph\u1ea3n \u0111\u1ed1i ph\u00e1p l\u00fd n\u00e0o m\u00e0 b\u1ea1n c\u00f3 th\u1ec3 c\u00f3 \u0111\u1ed1i v\u1edbi y\u00eau c\u1ea7u ti\u1ebft l\u1ed9 th\u00f4ng tin c\u1ee7a b\u1ea1n c\u1ee7a b\u00ean th\u1ee9 ba.<\/li>\n\n\n\n<li>Khi ch\u00fang t\u00f4i tin r\u1eb1ng vi\u1ec7c ng\u0103n ng\u1eeba t\u1ed5n h\u1ea1i cho b\u1ea1n ho\u1eb7c ng\u01b0\u1eddi kh\u00e1c l\u00e0 c\u1ea7n thi\u1ebft. Ch\u00fang t\u00f4i s\u1ebd ch\u1ec9 chia s\u1ebb th\u00f4ng tin c\u1ee7a b\u1ea1n theo c\u00e1ch n\u00e0y n\u1ebfu ch\u00fang t\u00f4i tin r\u1eb1ng vi\u1ec7c \u0111\u00f3 l\u00e0 c\u1ea7n thi\u1ebft m\u1ed9t c\u00e1ch h\u1ee3p l\u00fd \u0111\u1ec3 b\u1ea3o v\u1ec7 quy\u1ec1n, t\u00e0i s\u1ea3n ho\u1eb7c s\u1ef1 an to\u00e0n c\u1ee7a b\u1ea1n, nh\u1eefng ng\u01b0\u1eddi d\u00f9ng kh\u00e1c c\u1ee7a ch\u00fang t\u00f4i ho\u1eb7c c\u00f4ng ch\u00fang.<\/li>\n<\/ul>\n\n\n\n<p><strong>Ch\u00fang t\u00f4i l\u01b0u tr\u1eef v\u00e0 b\u1ea3o v\u1ec7 th\u00f4ng tin c\u00e1 nh\u00e2n c\u1ee7a b\u1ea1n nh\u01b0 th\u1ebf n\u00e0o?<\/strong><\/p>\n\n\n\n<p>Ch\u00fang t\u00f4i cam k\u1ebft b\u1ea3o v\u1ec7 th\u00f4ng tin c\u00e1 nh\u00e2n c\u1ee7a b\u1ea1n khi ch\u00fang t\u00f4i c\u00f3 \u0111\u01b0\u1ee3c th\u00f4ng tin \u0111\u00f3. Ch\u00fang t\u00f4i th\u1ef1c hi\u1ec7n c\u00e1c bi\u1ec7n ph\u00e1p an ninh v\u1eadt l\u00fd, kinh doanh v\u00e0 k\u1ef9 thu\u1eadt. B\u1ea5t ch\u1ea5p nh\u1eefng n\u1ed7 l\u1ef1c c\u1ee7a ch\u00fang t\u00f4i, n\u1ebfu ch\u00fang t\u00f4i ph\u00e1t hi\u1ec7n ra h\u00e0nh vi vi ph\u1ea1m b\u1ea3o m\u1eadt, ch\u00fang t\u00f4i s\u1ebd th\u00f4ng b\u00e1o cho b\u1ea1n \u0111\u1ec3 b\u1ea1n c\u00f3 th\u1ec3 th\u1ef1c hi\u1ec7n c\u00e1c b\u01b0\u1edbc b\u1ea3o v\u1ec7 th\u00edch h\u1ee3p.<\/p>\n\n\n\n<p>Ch\u00fang t\u00f4i c\u0169ng kh\u00f4ng mu\u1ed1n th\u00f4ng tin c\u00e1 nh\u00e2n c\u1ee7a b\u1ea1n l\u00e2u h\u01a1n m\u1ee9c ch\u00fang t\u00f4i c\u1ea7n, v\u00ec v\u1eady ch\u00fang t\u00f4i ch\u1ec9 l\u01b0u gi\u1eef th\u00f4ng tin \u0111\u00f3 \u0111\u1ee7 l\u00e2u \u0111\u1ec3 th\u1ef1c hi\u1ec7n m\u1ee5c \u0111\u00edch thu th\u1eadp th\u00f4ng tin \u0111\u00f3. M\u1ed9t khi ch\u00fang t\u00f4i kh\u00f4ng c\u1ea7n n\u00f3, ch\u00fang t\u00f4i s\u1ebd th\u1ef1c hi\u1ec7n c\u00e1c b\u01b0\u1edbc \u0111\u1ec3 ti\u00eau h\u1ee7y n\u00f3 tr\u1eeb khi lu\u1eadt ph\u00e1p y\u00eau c\u1ea7u ch\u00fang t\u00f4i ph\u1ea3i gi\u1eef n\u00f3 l\u00e2u h\u01a1n.<\/p>\n\n\n\n<p><strong>\u0110i\u1ec1u g\u00ec s\u1ebd x\u1ea3y ra n\u1ebfu ch\u00fang t\u00f4i thay \u0111\u1ed5i ch\u00ednh s\u00e1ch quy\u1ec1n ri\u00eang t\u01b0 n\u00e0y ho\u1eb7c b\u1ea5t k\u1ef3 th\u00f4ng b\u00e1o quy\u1ec1n ri\u00eang t\u01b0 n\u00e0o c\u1ee7a ch\u00fang t\u00f4i?<\/strong><\/p>\n\n\n\n<p>Ch\u00fang t\u00f4i c\u00f3 th\u1ec3 c\u1ea7n thay \u0111\u1ed5i ch\u00ednh s\u00e1ch n\u00e0y v\u00e0 c\u00e1c th\u00f4ng b\u00e1o c\u1ee7a ch\u00fang t\u00f4i. C\u00e1c b\u1ea3n c\u1eadp nh\u1eadt s\u1ebd \u0111\u01b0\u1ee3c \u0111\u0103ng tr\u1ef1c tuy\u1ebfn. N\u1ebfu nh\u1eefng thay \u0111\u1ed5i \u0111\u00f3 l\u00e0 quan tr\u1ecdng, ch\u00fang t\u00f4i s\u1ebd th\u00f4ng b\u00e1o b\u1ea3n c\u1eadp nh\u1eadt th\u00f4ng qua c\u00e1c k\u00eanh th\u00f4ng th\u01b0\u1eddng \u00abProxyCompass\u00bb cho nh\u1eefng th\u00f4ng b\u00e1o nh\u01b0 b\u00e0i \u0111\u0103ng tr\u00ean blog v\u00e0 di\u1ec5n \u0111\u00e0n. Vi\u1ec7c b\u1ea1n ti\u1ebfp t\u1ee5c s\u1eed d\u1ee5ng s\u1ea3n ph\u1ea9m ho\u1eb7c d\u1ecbch v\u1ee5 sau ng\u00e0y nh\u1eefng thay \u0111\u1ed5i \u0111\u00f3 c\u00f3 hi\u1ec7u l\u1ef1c \u0111\u1ed3ng ngh\u0129a v\u1edbi vi\u1ec7c b\u1ea1n ch\u1ea5p nh\u1eadn nh\u1eefng thay \u0111\u1ed5i \u0111\u00f3. \u0110\u1ec3 gi\u00fap b\u1ea1n \u0111\u00e1nh gi\u00e1 thu\u1eadn ti\u1ec7n h\u01a1n, ch\u00fang t\u00f4i s\u1ebd \u0111\u0103ng ng\u00e0y c\u00f3 hi\u1ec7u l\u1ef1c \u1edf \u0111\u1ea7u trang.<\/p>","protected":false},"excerpt":{"rendered":"<p>Privacy Policy For us, \u201cpersonal information\u201d means information which either directly identifies you (like your name, email address, or billing information) or can be reasonably linked or combined to identify you (like an account identification number or IP address). We\u2019ll always tell you what personal information we\u2019re collecting from you. See each product\u2019s Privacy Notice [&hellip;]<\/p>\n","protected":false},"author":1,"featured_media":0,"parent":0,"menu_order":0,"comment_status":"closed","ping_status":"closed","template":"","meta":{"_acf_changed":false,"inline_featured_image":false,"footnotes":""},"class_list":["post-460491","page","type-page","status-publish","hentry"],"acf":[],"_links":{"self":[{"href":"https:\/\/proxycompass.com\/vi\/wp-json\/wp\/v2\/pages\/460491","targetHints":{"allow":["GET"]}}],"collection":[{"href":"https:\/\/proxycompass.com\/vi\/wp-json\/wp\/v2\/pages"}],"about":[{"href":"https:\/\/proxycompass.com\/vi\/wp-json\/wp\/v2\/types\/page"}],"author":[{"embeddable":true,"href":"https:\/\/proxycompass.com\/vi\/wp-json\/wp\/v2\/users\/1"}],"replies":[{"embeddable":true,"href":"https:\/\/proxycompass.com\/vi\/wp-json\/wp\/v2\/comments?post=460491"}],"version-history":[{"count":1,"href":"https:\/\/proxycompass.com\/vi\/wp-json\/wp\/v2\/pages\/460491\/revisions"}],"predecessor-version":[{"id":471214,"href":"https:\/\/proxycompass.com\/vi\/wp-json\/wp\/v2\/pages\/460491\/revisions\/471214"}],"wp:attachment":[{"href":"https:\/\/proxycompass.com\/vi\/wp-json\/wp\/v2\/media?parent=460491"}],"curies":[{"name":"wp","href":"https:\/\/api.w.org\/{rel}","templated":true}]}}