{"id":460509,"date":"2023-05-27T06:40:23","date_gmt":"2023-05-27T06:40:23","guid":{"rendered":"https:\/\/proxycompass.com\/?page_id=460509"},"modified":"2025-01-27T11:15:20","modified_gmt":"2025-01-27T11:15:20","slug":"terms-of-service","status":"publish","type":"page","link":"https:\/\/proxycompass.com\/vi\/terms-of-service\/","title":{"rendered":"\u0110i\u1ec1u kho\u1ea3n d\u1ecbch v\u1ee5"},"content":{"rendered":"<div class=\"wp-block-rank-math-toc-block\" id=\"rank-math-toc\"><nav><ul><li class=\"\"><a href=\"#1-eligibility\">1. \u0110\u1ee7 \u0111i\u1ec1u ki\u1ec7n<\/a><\/li><li class=\"\"><a href=\"#2-service-rules\">2. Quy t\u1eafc d\u1ecbch v\u1ee5<\/a><ul><li class=\"\"><a href=\"#2-1-fee-for-processing-complaints\">2.1 Ph\u00ed x\u1eed l\u00fd khi\u1ebfu n\u1ea1i<\/a><\/li><\/ul><\/li><li class=\"\"><a href=\"#3-refund-policy\">3. Ch\u00ednh s\u00e1ch ho\u00e0n ti\u1ec1n<\/a><\/li><li class=\"\"><a href=\"#4-user-accounts\">4. T\u00e0i kho\u1ea3n ng\u01b0\u1eddi d\u00f9ng<\/a><\/li><li class=\"\"><a href=\"#5-acceptable-use\">5. S\u1eed d\u1ee5ng \u0111\u01b0\u1ee3c ch\u1ea5p nh\u1eadn<\/a><\/li><li class=\"\"><a href=\"#6-privacy\">6. Quy\u1ec1n ri\u00eang t\u01b0<\/a><\/li><li class=\"\"><a href=\"#7-intellectual-property-rights\">7. Quy\u1ec1n s\u1edf h\u1eefu tr\u00ed tu\u1ec7<\/a><\/li><li class=\"\"><a href=\"#8-changes-to-terms\">8. Thay \u0111\u1ed5i \u0110i\u1ec1u kho\u1ea3n<\/a><\/li><li class=\"\"><a href=\"#9-termination\">9. Ch\u1ea5m d\u1ee9t<\/a><\/li><li class=\"\"><a href=\"#10-governing-law\">10. Lu\u1eadt \u0111i\u1ec1u ch\u1ec9nh<\/a><\/li><li class=\"\"><a href=\"#11-contact\">11. Li\u00ean h\u1ec7<\/a><\/li><li class=\"\"><a href=\"#financial-information\">12. Th\u00f4ng tin t\u00e0i ch\u00ednh<\/a><\/li><\/ul><\/nav><\/div>\n\n\n\n<p>Ch\u00e0o m\u1eebng b\u1ea1n \u0111\u1ebfn v\u1edbi ProxyCompass! C\u00e1c \u0110i\u1ec1u kho\u1ea3n d\u1ecbch v\u1ee5 n\u00e0y (\u201c\u0110i\u1ec1u kho\u1ea3n\u201d) chi ph\u1ed1i vi\u1ec7c b\u1ea1n truy c\u1eadp v\u00e0 s\u1eed d\u1ee5ng ProxyCompass c\u0169ng nh\u01b0 m\u1ecdi ph\u1ea7n m\u1ec1m, d\u1ecbch v\u1ee5 v\u00e0 t\u00e0i li\u1ec7u li\u00ean quan m\u00e0 ch\u00fang t\u00f4i cung c\u1ea5p (g\u1ecdi chung l\u00e0 \u201cD\u1ecbch v\u1ee5\u201d). B\u1eb1ng c\u00e1ch s\u1eed d\u1ee5ng D\u1ecbch v\u1ee5 c\u1ee7a ch\u00fang t\u00f4i, b\u1ea1n x\u00e1c nh\u1eadn r\u1eb1ng b\u1ea1n \u0111\u00e3 \u0111\u1ecdc, hi\u1ec3u v\u00e0 \u0111\u1ed3ng \u00fd v\u1edbi c\u00e1c \u0110i\u1ec1u kho\u1ea3n n\u00e0y. N\u1ebfu b\u1ea1n kh\u00f4ng \u0111\u1ed3ng \u00fd v\u1edbi b\u1ea5t k\u1ef3 ph\u1ea7n n\u00e0o trong c\u00e1c \u0110i\u1ec1u kho\u1ea3n n\u00e0y, vui l\u00f2ng ng\u1eebng s\u1eed d\u1ee5ng D\u1ecbch v\u1ee5 c\u1ee7a ch\u00fang t\u00f4i.<\/p>\n\n\n\n<h2 class=\"wp-block-heading\" id=\"1-eligibility\"><strong>1. \u0110\u1ee7 \u0111i\u1ec1u ki\u1ec7n<\/strong><\/h2>\n\n\n\n<p>\u0110\u1ec3 s\u1eed d\u1ee5ng D\u1ecbch v\u1ee5 c\u1ee7a ch\u00fang t\u00f4i, b\u1ea1n ph\u1ea3i \u00edt nh\u1ea5t 18 tu\u1ed5i v\u00e0 c\u00f3 kh\u1ea3 n\u0103ng k\u00fd k\u1ebft h\u1ee3p \u0111\u1ed3ng r\u00e0ng bu\u1ed9c v\u1ec1 m\u1eb7t ph\u00e1p l\u00fd v\u1edbi ProxyCompass. B\u1eb1ng c\u00e1ch s\u1eed d\u1ee5ng D\u1ecbch v\u1ee5 c\u1ee7a ch\u00fang t\u00f4i, b\u1ea1n x\u00e1c nh\u1eadn r\u1eb1ng b\u1ea1n \u0111\u00e1p \u1ee9ng c\u00e1c ti\u00eau ch\u00ed n\u00e0y.<\/p>\n\n\n\n<h2 class=\"wp-block-heading\" id=\"2-service-rules\"><strong>2. Quy t\u1eafc d\u1ecbch v\u1ee5<\/strong><\/h2>\n\n\n\n<p>Khi s\u1eed d\u1ee5ng D\u1ecbch v\u1ee5, b\u1ea1n \u0111\u1ed3ng \u00fd kh\u00f4ng:<\/p>\n\n\n\n<p><br>\u2013 Sao ch\u00e9p ho\u1eb7c chia s\u1ebb c\u00f4ng khai b\u1ea5t k\u1ef3 ph\u1ea7n n\u00e0o c\u1ee7a D\u1ecbch v\u1ee5.<br>\u2013 G\u1eedi th\u01b0 r\u00e1c ho\u1eb7c email kh\u00f4ng mong mu\u1ed1n.<br>\u2013 Can thi\u1ec7p v\u00e0o t\u00ednh b\u1ea3o m\u1eadt ho\u1eb7c t\u00ednh to\u00e0n v\u1eb9n c\u1ee7a h\u1ec7 th\u1ed1ng c\u1ee7a D\u1ecbch v\u1ee5.<br>\u2013 L\u00e0m qu\u00e1 t\u1ea3i c\u01a1 s\u1edf h\u1ea1 t\u1ea7ng c\u1ee7a ch\u00fang ta m\u1ed9t c\u00e1ch v\u00f4 l\u00fd.<br>\u2013 T\u1ea3i l\u00ean ph\u1ea7n m\u1ec1m c\u00f3 h\u1ea1i th\u00f4ng qua D\u1ecbch v\u1ee5.<br>\u2013 Thu th\u1eadp th\u00f4ng tin c\u00e1 nh\u00e2n t\u1eeb D\u1ecbch v\u1ee5.<br>\u2013 M\u1ea1o danh ng\u01b0\u1eddi kh\u00e1c ho\u1eb7c th\u1ef1c hi\u1ec7n h\u00e0nh vi l\u1eeba \u0111\u1ea3o.<br>\u2013 L\u00e0m gi\u00e1n \u0111o\u1ea1n ho\u1ea1t \u0111\u1ed9ng c\u1ee7a D\u1ecbch v\u1ee5.<br>\u2013 S\u1eed d\u1ee5ng c\u00e1c ph\u01b0\u01a1ng ti\u1ec7n tr\u00e1i ph\u00e9p \u0111\u1ec3 truy c\u1eadp n\u1ed9i dung c\u1ee7a D\u1ecbch v\u1ee5.<br>\u2013 Ph\u00e1 v\u1ee1 m\u1ecdi h\u1ea1n ch\u1ebf truy c\u1eadp v\u00e0o D\u1ecbch v\u1ee5.<br>\u2013 B\u00e1n l\u1ea1i ho\u1eb7c ph\u00e2n ph\u1ed1i l\u1ea1i D\u1ecbch v\u1ee5 m\u00e0 kh\u00f4ng c\u00f3 th\u1ecfa thu\u1eadn.<br>\u2013 Tham gia v\u00e0o c\u00e1c h\u00e0nh vi vi ph\u1ea1m an ninh ho\u1eb7c l\u00e0m gi\u00e1n \u0111o\u1ea1n th\u00f4ng tin li\u00ean l\u1ea1c tr\u00ean internet.<br>\u2013 S\u1eed d\u1ee5ng D\u1ecbch v\u1ee5 cho c\u00e1c ho\u1ea1t \u0111\u1ed9ng b\u1ea5t h\u1ee3p ph\u00e1p ho\u1eb7c vi ph\u1ea1m quy\u1ec1n c\u1ee7a b\u00ean th\u1ee9 ba.<br>\u2013 S\u1eed d\u1ee5ng D\u1ecbch v\u1ee5 cho c\u00e1c cu\u1ed9c t\u1ea5n c\u00f4ng v\u0169 phu.<\/p>\n\n\n\n<h3 class=\"wp-block-heading\" id=\"2-1-fee-for-processing-complaints\">2.1 Ph\u00ed x\u1eed l\u00fd khi\u1ebfu n\u1ea1i<\/h3>\n\n\n\n<p>B\u1eaft \u0111\u1ea7u t\u1eeb ng\u00e0y 2 th\u00e1ng 4 n\u0103m 2024, ch\u00fang t\u00f4i s\u1ebd tri\u1ec3n khai m\u1ee9c ph\u00ed $30 cho m\u1ed7i cu\u1ed9c \u0111i\u1ec1u tra khi\u1ebfu n\u1ea1i do nhu c\u1ea7u \u0111i\u1ec1u tra v\u00e0 h\u00e0nh ch\u00ednh ng\u00e0y c\u00e0ng t\u0103ng. Kho\u1ea3n ph\u00ed n\u00e0y bao g\u1ed3m chi ph\u00ed \u0111i\u1ec1u tra v\u00e0 kh\u00f4ng ph\u1ee7 nh\u1eadn h\u00e0nh vi vi ph\u1ea1m quy t\u1eafc.<\/p>\n\n\n\n<p>Khi nh\u1eadn \u0111\u01b0\u1ee3c khi\u1ebfu n\u1ea1i, ch\u00fang t\u00f4i s\u1ebd \u0111i\u1ec1u tra k\u1ef9 l\u01b0\u1ee1ng, th\u00f4ng b\u00e1o cho kh\u00e1ch h\u00e0ng v\u00e0 cho ph\u00e9p h\u1ecd ph\u1ea3n h\u1ed3i.<\/p>\n\n\n\n<p>Sau khi \u0111i\u1ec1u tra, ch\u00fang t\u00f4i s\u1ebd xu\u1ea5t h\u00f3a \u0111\u01a1n. D\u1ecbch v\u1ee5 s\u1ebd ti\u1ebfp t\u1ee5c ho\u1ea1t \u0111\u1ed9ng sau khi thanh to\u00e1n trong v\u00f2ng 3 ng\u00e0y, n\u1ebfu kh\u00f4ng c\u00f3 xung \u0111\u1ed9t quy t\u1eafc.<\/p>\n\n\n\n<p>\u0110\u1ed1i v\u1edbi c\u00e1c vi ph\u1ea1m nghi\u00eam tr\u1ecdng ho\u1eb7c l\u1eb7p \u0111i l\u1eb7p l\u1ea1i, ch\u00fang t\u00f4i c\u00f3 th\u1ec3 t\u1ea1m d\u1eebng d\u1ecbch v\u1ee5 m\u00e0 kh\u00f4ng ho\u00e0n l\u1ea1i ti\u1ec1n, nh\u1ea5n m\u1ea1nh vi\u1ec7c tu\u00e2n th\u1ee7 nghi\u00eam ng\u1eb7t c\u00e1c \u0111i\u1ec1u kho\u1ea3n s\u1eed d\u1ee5ng c\u1ee7a ch\u00fang t\u00f4i \u0111\u1ec3 \u0111\u1ea3m b\u1ea3o s\u1ef1 c\u00f4ng b\u1eb1ng.<\/p>\n\n\n\n<p>Vi\u1ec7c mi\u1ec5n ph\u00ed c\u00f3 th\u1ec3 \u0111\u01b0\u1ee3c \u00e1p d\u1ee5ng n\u1ebfu kh\u00e1ch h\u00e0ng ch\u1ee7 \u0111\u1ed9ng ng\u0103n ch\u1eb7n c\u00e1c v\u1ea5n \u0111\u1ec1 trong t\u01b0\u01a1ng lai, theo quy\u1ebft \u0111\u1ecbnh ri\u00eang c\u1ee7a ch\u00fang t\u00f4i.<\/p>\n\n\n\n<h2 class=\"wp-block-heading\" id=\"3-refund-policy\"><strong>3. Ch\u00ednh s\u00e1ch ho\u00e0n ti\u1ec1n<\/strong><\/h2>\n\n\n\n<p>ProxyCompass cung c\u1ea5p \u0111\u1ea3m b\u1ea3o ho\u00e0n ti\u1ec1n trong 24 gi\u1edd k\u1ec3 t\u1eeb th\u1eddi \u0111i\u1ec3m mua. Kho\u1ea3n ho\u00e0n tr\u1ea3 n\u00e0y s\u1ebd \u0111\u01b0\u1ee3c x\u1eed l\u00fd theo c\u00e1ch t\u01b0\u01a1ng t\u1ef1 nh\u01b0 h\u00ecnh th\u1ee9c thanh to\u00e1n ban \u0111\u1ea7u. \u0110\u1ec3 b\u1eaft \u0111\u1ea7u ho\u00e0n ti\u1ec1n, vui l\u00f2ng li\u00ean h\u1ec7 v\u1edbi Nh\u00f3m d\u1ecbch v\u1ee5 kh\u00e1ch h\u00e0ng c\u1ee7a ch\u00fang t\u00f4i.<\/p>\n\n\n\n<p>Xin l\u01b0u \u00fd, ch\u00fang t\u00f4i si\u00eang n\u0103ng theo d\u00f5i s\u1ed1 l\u01b0\u1ee3ng y\u00eau c\u1ea7u ho\u00e0n ti\u1ec1n. Trong tr\u01b0\u1eddng h\u1ee3p y\u00eau c\u1ea7u ho\u00e0n ti\u1ec1n qu\u00e1 nhi\u1ec1u, c\u1ee5 th\u1ec3 l\u00e0 nhi\u1ec1u h\u01a1n ba y\u00eau c\u1ea7u trong v\u00f2ng m\u1ed9t th\u00e1ng, ProxyCompass c\u00f3 quy\u1ec1n t\u1eeb ch\u1ed1i y\u00eau c\u1ea7u ho\u00e0n ti\u1ec1n.<\/p>\n\n\n\n<p>Ngo\u00e0i th\u1eddi h\u1ea1n 24 gi\u1edd, kh\u00e1ch h\u00e0ng c\u00f3 th\u1ec3 h\u1ee7y \u0111\u01a1n h\u00e0ng. Kho\u1ea3n ti\u1ec1n ho\u00e0n l\u1ea1i trong nh\u1eefng tr\u01b0\u1eddng h\u1ee3p n\u00e0y s\u1ebd \u0111\u01b0\u1ee3c cung c\u1ea5p d\u01b0\u1edbi d\u1ea1ng t\u00edn d\u1ee5ng cho s\u1ed1 ti\u1ec1n ch\u01b0a s\u1eed d\u1ee5ng trong s\u1ed1 d\u01b0 n\u1ed9i b\u1ed9 c\u1ee7a b\u1ea1n. Vi\u1ec7c h\u1ee7y \u0111\u01a1n h\u00e0ng \u0111\u01b0\u1ee3c cho ph\u00e9p ba ng\u00e0y m\u1ed9t l\u1ea7n. T\u00f9y ch\u1ecdn n\u00e0y c\u00f3 th\u1ec3 \u0111\u01b0\u1ee3c truy c\u1eadp trong b\u1ea3ng \u0111i\u1ec1u khi\u1ec3n c\u00e1 nh\u00e2n c\u1ee7a b\u1ea1n.<\/p>\n\n\n\n<p>N\u1ebfu v\u00ec b\u1ea5t k\u1ef3 l\u00fd do g\u00ec b\u1ea1n kh\u00f4ng h\u00e0i l\u00f2ng v\u1edbi proxy b\u1ea1n \u0111\u00e3 mua, ch\u00fang t\u00f4i khuy\u1ebfn kh\u00edch b\u1ea1n li\u00ean h\u1ec7 v\u1edbi Nh\u00f3m h\u1ed7 tr\u1ee3 k\u1ef9 thu\u1eadt c\u1ee7a ch\u00fang t\u00f4i \u0111\u1ec3 x\u1eed l\u00fd kho\u1ea3n ho\u00e0n tr\u1ea3 c\u1ee7a b\u1ea1n.<\/p>\n\n\n\n<p>B\u1eb1ng c\u00e1ch mua b\u1ea5t k\u1ef3 s\u1ea3n ph\u1ea9m ho\u1eb7c d\u1ecbch v\u1ee5 n\u00e0o t\u1eeb ProxyCompass, b\u1ea1n \u0111\u1ed3ng \u00fd v\u1edbi c\u00e1c \u0111i\u1ec1u kho\u1ea3n \u0111\u01b0\u1ee3c n\u00eau trong Ch\u00ednh s\u00e1ch ho\u00e0n ti\u1ec1n n\u00e0y.<\/p>\n\n\n\n<h2 class=\"wp-block-heading\" id=\"4-user-accounts\"><strong>4. T\u00e0i kho\u1ea3n ng\u01b0\u1eddi d\u00f9ng<\/strong><\/h2>\n\n\n\n<p>B\u1ea1n c\u00f3 th\u1ec3 c\u1ea7n ph\u1ea3i \u0111\u0103ng k\u00fd t\u00e0i kho\u1ea3n \u0111\u1ec3 truy c\u1eadp m\u1ed9t s\u1ed1 t\u00ednh n\u0103ng ho\u1eb7c ch\u1ee9c n\u0103ng nh\u1ea5t \u0111\u1ecbnh c\u1ee7a D\u1ecbch v\u1ee5 c\u1ee7a ch\u00fang t\u00f4i. B\u1ea1n c\u00f3 tr\u00e1ch nhi\u1ec7m duy tr\u00ec t\u00ednh b\u1ea3o m\u1eadt c\u1ee7a m\u1eadt kh\u1ea9u t\u00e0i kho\u1ea3n v\u00e0 m\u1ecdi ho\u1ea1t \u0111\u1ed9ng li\u00ean quan \u0111\u1ebfn t\u00e0i kho\u1ea3n c\u1ee7a b\u1ea1n. ProxyCompass kh\u00f4ng ch\u1ecbu tr\u00e1ch nhi\u1ec7m v\u1ec1 b\u1ea5t k\u1ef3 t\u1ed5n th\u1ea5t ho\u1eb7c thi\u1ec7t h\u1ea1i n\u00e0o ph\u00e1t sinh do b\u1ea1n kh\u00f4ng b\u1ea3o v\u1ec7 t\u00e0i kho\u1ea3n c\u1ee7a m\u00ecnh.<\/p>\n\n\n\n<h2 class=\"wp-block-heading\" id=\"5-acceptable-use\"><strong>5. S\u1eed d\u1ee5ng \u0111\u01b0\u1ee3c ch\u1ea5p nh\u1eadn<\/strong><\/h2>\n\n\n\n<p>B\u1ea1n \u0111\u1ed3ng \u00fd s\u1eed d\u1ee5ng D\u1ecbch v\u1ee5 c\u1ee7a ch\u00fang t\u00f4i m\u1ed9t c\u00e1ch h\u1ee3p ph\u00e1p v\u00e0 kh\u00f4ng vi ph\u1ea1m b\u1ea5t k\u1ef3 lu\u1eadt, quy \u0111\u1ecbnh ho\u1eb7c quy\u1ec1n n\u00e0o c\u1ee7a ng\u01b0\u1eddi kh\u00e1c khi s\u1eed d\u1ee5ng D\u1ecbch v\u1ee5 c\u1ee7a ch\u00fang t\u00f4i. B\u1ea1n b\u1ecb nghi\u00eam c\u1ea5m s\u1eed d\u1ee5ng D\u1ecbch v\u1ee5 c\u1ee7a ch\u00fang t\u00f4i cho b\u1ea5t k\u1ef3 m\u1ee5c \u0111\u00edch b\u1ea5t h\u1ee3p ph\u00e1p ho\u1eb7c tr\u00e1i ph\u00e9p n\u00e0o, bao g\u1ed3m nh\u01b0ng kh\u00f4ng gi\u1edbi h\u1ea1n \u1edf vi\u1ec7c gian l\u1eadn, qu\u1ea5y r\u1ed1i ho\u1eb7c ph\u00e2n ph\u1ed1i ph\u1ea7n m\u1ec1m \u0111\u1ed9c h\u1ea1i ho\u1eb7c m\u00e3 \u0111\u1ed9c h\u1ea1i kh\u00e1c.<\/p>\n\n\n\n<h2 class=\"wp-block-heading\" id=\"6-privacy\"><strong>6. Quy\u1ec1n ri\u00eang t\u01b0<\/strong><\/h2>\n\n\n\n<p>Quy\u1ec1n ri\u00eang t\u01b0 c\u1ee7a b\u1ea1n r\u1ea5t quan tr\u1ecdng v\u1edbi ch\u00fang t\u00f4i. H\u00e3y tham kh\u1ea3o c\u1ee7a ch\u00fang t\u00f4i <a href=\"https:\/\/proxycompass.com\/vi\/privacy-policy\/\" data-type=\"URL\" data-id=\"https:\/\/proxycompass.com\/privacy-policy\/\">Ch\u00ednh s\u00e1ch quy\u1ec1n ri\u00eang t\u01b0<\/a>y \u0111\u1ec3 bi\u1ebft th\u00f4ng tin v\u1ec1 c\u00e1ch ch\u00fang t\u00f4i thu th\u1eadp, s\u1eed d\u1ee5ng v\u00e0 ti\u1ebft l\u1ed9 th\u00f4ng tin c\u00e1 nh\u00e2n c\u1ee7a b\u1ea1n.<\/p>\n\n\n\n<h2 class=\"wp-block-heading\" id=\"7-intellectual-property-rights\"><strong>7. Quy\u1ec1n s\u1edf h\u1eefu tr\u00ed tu\u1ec7<\/strong><\/h2>\n\n\n\n<p>T\u1ea5t c\u1ea3 c\u00e1c quy\u1ec1n, quy\u1ec1n s\u1edf h\u1eefu v\u00e0 l\u1ee3i \u00edch \u0111\u1ed1i v\u1edbi D\u1ecbch v\u1ee5 c\u1ee7a ch\u00fang t\u00f4i, bao g\u1ed3m m\u1ecdi quy\u1ec1n s\u1edf h\u1eefu tr\u00ed tu\u1ec7, \u0111ang v\u00e0 s\u1ebd v\u1eabn l\u00e0 t\u00e0i s\u1ea3n \u0111\u1ed9c quy\u1ec1n c\u1ee7a ProxyCompass v\u00e0 nh\u1eefng ng\u01b0\u1eddi c\u1ea5p ph\u00e9p c\u1ee7a n\u00f3.<\/p>\n\n\n\n<h2 class=\"wp-block-heading\" id=\"8-changes-to-terms\"><strong>8. Thay \u0111\u1ed5i \u0110i\u1ec1u kho\u1ea3n<\/strong><\/h2>\n\n\n\n<p>Th\u1ec9nh tho\u1ea3ng ch\u00fang t\u00f4i c\u00f3 th\u1ec3 c\u1eadp nh\u1eadt c\u00e1c \u0110i\u1ec1u kho\u1ea3n n\u00e0y. Khi th\u1ef1c hi\u1ec7n thay \u0111\u1ed5i, ch\u00fang t\u00f4i s\u1ebd cung c\u1ea5p \u0110i\u1ec1u kho\u1ea3n c\u1eadp nh\u1eadt tr\u00ean trang web c\u1ee7a m\u00ecnh v\u00e0 c\u1eadp nh\u1eadt ng\u00e0y \u201cC\u1eadp nh\u1eadt l\u1ea7n cu\u1ed1i\u201d. B\u1eb1ng c\u00e1ch ti\u1ebfp t\u1ee5c s\u1eed d\u1ee5ng D\u1ecbch v\u1ee5 c\u1ee7a ch\u00fang t\u00f4i sau khi nh\u1eefng thay \u0111\u1ed5i \u0111\u00f3 c\u00f3 hi\u1ec7u l\u1ef1c, b\u1ea1n \u0111\u1ed3ng \u00fd b\u1ecb r\u00e0ng bu\u1ed9c b\u1edfi \u0110i\u1ec1u kho\u1ea3n c\u1eadp nh\u1eadt.<\/p>\n\n\n\n<h2 class=\"wp-block-heading\" id=\"9-termination\"><strong>9. Ch\u1ea5m d\u1ee9t<\/strong><\/h2>\n\n\n\n<p>Ch\u00fang t\u00f4i c\u00f3 quy\u1ec1n, m\u00e0 kh\u00f4ng c\u1ea7n th\u00f4ng b\u00e1o v\u00e0 theo quy\u1ebft \u0111\u1ecbnh ri\u00eang c\u1ee7a ch\u00fang t\u00f4i, ch\u1ea5m d\u1ee9t quy\u1ec1n truy c\u1eadp ho\u1eb7c s\u1eed d\u1ee5ng D\u1ecbch v\u1ee5 c\u1ee7a ch\u00fang t\u00f4i v\u00e0 ch\u1eb7n ho\u1eb7c ng\u0103n ch\u1eb7n vi\u1ec7c b\u1ea1n truy c\u1eadp v\u00e0 s\u1eed d\u1ee5ng D\u1ecbch v\u1ee5 c\u1ee7a ch\u00fang t\u00f4i trong t\u01b0\u01a1ng lai.<\/p>\n\n\n\n<h2 class=\"wp-block-heading\" id=\"10-governing-law\"><strong>10. Lu\u1eadt \u0111i\u1ec1u ch\u1ec9nh<\/strong><\/h2>\n\n\n\n<p>C\u00e1c \u0110i\u1ec1u kho\u1ea3n n\u00e0y v\u00e0 m\u1ecdi h\u00e0nh \u0111\u1ed9ng li\u00ean quan \u0111\u1ebfn c\u00e1c \u0110i\u1ec1u kho\u1ea3n n\u00e0y s\u1ebd ch\u1ecbu s\u1ef1 \u0111i\u1ec1u ch\u1ec9nh c\u1ee7a lu\u1eadt ph\u00e1p c\u1ee7a khu v\u1ef1c t\u00e0i ph\u00e1n m\u00e0 ProxyCompass \u0111\u1eb7t tr\u1ee5 s\u1edf, b\u1ea5t k\u1ec3 xung \u0111\u1ed9t v\u1edbi c\u00e1c nguy\u00ean t\u1eafc lu\u1eadt ph\u00e1p.<\/p>\n\n\n\n<h2 class=\"wp-block-heading\" id=\"11-contact\"><strong>11. Li\u00ean h\u1ec7<\/strong><\/h2>\n\n\n\n<p>N\u1ebfu b\u1ea1n c\u00f3 b\u1ea5t k\u1ef3 c\u00e2u h\u1ecfi n\u00e0o v\u1ec1 c\u00e1c \u0110i\u1ec1u kho\u1ea3n n\u00e0y, vui l\u00f2ng <a href=\"https:\/\/proxycompass.com\/vi\/account\/contact.php\/\">li\u00ean h\u1ec7 v\u1edbi ch\u00fang t\u00f4i<\/a>.<\/p>\n\n\n\n<h2 class=\"wp-block-heading\" id=\"financial-information\">12. <strong>Th\u00f4ng tin t\u00e0i ch\u00ednh<\/strong><\/h2>\n\n\n\n<p>ProxyCompass h\u1ee3p t\u00e1c v\u1edbi c\u00e1c \u0111\u1ed1i t\u00e1c t\u00e0i ch\u00ednh \u1edf nhi\u1ec1u khu v\u1ef1c:<\/p>\n\n\n\n<ul class=\"wp-block-list\">\n<li><strong>Ch\u00e2u \u00c2u:<\/strong><br><strong>M\u1ea1ng l\u01b0\u1edbi ch\u1ea5t l\u01b0\u1ee3ng OU<\/strong><br>Karu 14-8, Kesklinn, Tallinn,<br>Qu\u1eadn Harju, 10120, Estonia<br><\/li>\n\n\n\n<li><strong>Khu v\u1ef1c Trung \u0110\u00f4ng:<\/strong><br><strong>M\u1ea1ng l\u01b0\u1edbi ch\u1ea5t l\u01b0\u1ee3ng Trung \u0110\u00f4ng FZE<\/strong><br>Trung t\u00e2m th\u01b0\u01a1ng m\u1ea1i Al Shmookh, One UAQ,<br>Khu th\u01b0\u01a1ng m\u1ea1i t\u1ef1 do UAQ, Umm Al Quwain, UAE<br><\/li>\n\n\n\n<li><strong>Hoa K\u1ef3:<\/strong><br><strong>M\u1ea1ng l\u01b0\u1edbi ch\u1ea5t l\u01b0\u1ee3ng Hoa K\u1ef3 LLC<\/strong><br>30 N Gould St, STE R,<br>Sheridan, WY 82801, Hoa K\u1ef3<br><\/li>\n\n\n\n<li><strong>Khu v\u1ef1c Ch\u00e2u Phi:<\/strong><br><strong>C\u00f4ng ty TNHH M\u1ea1ng l\u01b0\u1edbi Jumwak<\/strong><br>Makadara, Nairobi,<br>Qu\u1eadn Makadara, Kenya<br><\/li>\n<\/ul>\n\n\n\n<p>N\u1ebfu c\u00f3 b\u1ea5t k\u1ef3 th\u1eafc m\u1eafc n\u00e0o v\u1ec1 t\u00e0i ch\u00ednh, vui l\u00f2ng li\u00ean h\u1ec7 v\u1edbi nh\u00f3m h\u1ed7 tr\u1ee3 c\u1ee7a ch\u00fang t\u00f4i.<\/p>","protected":false},"excerpt":{"rendered":"<p>Welcome to ProxyCompass! These Terms of Service (&#8220;Terms&#8221;) govern your access and use of ProxyCompass and any related software, services, and documentation we provide (collectively, the &#8220;Services&#8221;). By using our Services, you confirm that you&#8217;ve read, understood, and agreed to these Terms. If you disagree with any part of these Terms, please refrain from using [&hellip;]<\/p>\n","protected":false},"author":1,"featured_media":0,"parent":0,"menu_order":0,"comment_status":"closed","ping_status":"closed","template":"","meta":{"_acf_changed":false,"inline_featured_image":false,"footnotes":""},"class_list":["post-460509","page","type-page","status-publish","hentry"],"acf":[],"_links":{"self":[{"href":"https:\/\/proxycompass.com\/vi\/wp-json\/wp\/v2\/pages\/460509","targetHints":{"allow":["GET"]}}],"collection":[{"href":"https:\/\/proxycompass.com\/vi\/wp-json\/wp\/v2\/pages"}],"about":[{"href":"https:\/\/proxycompass.com\/vi\/wp-json\/wp\/v2\/types\/page"}],"author":[{"embeddable":true,"href":"https:\/\/proxycompass.com\/vi\/wp-json\/wp\/v2\/users\/1"}],"replies":[{"embeddable":true,"href":"https:\/\/proxycompass.com\/vi\/wp-json\/wp\/v2\/comments?post=460509"}],"version-history":[{"count":12,"href":"https:\/\/proxycompass.com\/vi\/wp-json\/wp\/v2\/pages\/460509\/revisions"}],"predecessor-version":[{"id":471376,"href":"https:\/\/proxycompass.com\/vi\/wp-json\/wp\/v2\/pages\/460509\/revisions\/471376"}],"wp:attachment":[{"href":"https:\/\/proxycompass.com\/vi\/wp-json\/wp\/v2\/media?parent=460509"}],"curies":[{"name":"wp","href":"https:\/\/api.w.org\/{rel}","templated":true}]}}