{"id":466329,"date":"2024-02-29T17:48:03","date_gmt":"2024-02-29T17:48:03","guid":{"rendered":"https:\/\/proxycompass.com\/?page_id=466329"},"modified":"2024-10-26T14:03:33","modified_gmt":"2024-10-26T14:03:33","slug":"free-proxy-locations","status":"publish","type":"page","link":"https:\/\/proxycompass.com\/vi\/free-proxy-locations\/","title":{"rendered":"Proxy mi\u1ec5n ph\u00ed theo v\u1ecb tr\u00ed"},"content":{"rendered":"<h2 class=\"wp-block-heading\">Proxy m\u1edbi m\u1ed7i 3 gi\u1edd tr\u00ean k\u00eanh Telegram c\u1ee7a ch\u00fang t\u00f4i!<\/h2>\n\n\n\n<p>Ch\u00fang t\u00f4i c\u00f3 m\u1ed9t k\u00eanh Telegram n\u01a1i ch\u00fang t\u00f4i chia s\u1ebb danh s\u00e1ch m\u1edbi nh\u1ea5t v\u1ec1 100 proxy t\u1ed1t nh\u1ea5t sau m\u1ed7i 3 gi\u1edd. H\u00e3y tham gia c\u00f9ng ch\u00fang t\u00f4i \u0111\u1ec3 c\u1eadp nh\u1eadt nh\u1eefng proxy mi\u1ec5n ph\u00ed m\u1edbi nh\u1ea5t su\u1ed1t ng\u00e0y \u0111\u00eam!<\/p>\n\n\n\n<p>H\u00e3y tham gia c\u00f9ng ch\u00fang t\u00f4i! <a href=\"https:\/\/t.me\/freeproxieshub\">@FreeProxiesHub<\/a><\/p>\n\n\n\n<p><\/p>","protected":false},"excerpt":{"rendered":"<p>Proxy m\u1edbi m\u1ed7i 3 gi\u1edd tr\u00ean k\u00eanh Telegram c\u1ee7a ch\u00fang t\u00f4i! Ch\u00fang t\u00f4i c\u00f3 m\u1ed9t k\u00eanh Telegram n\u01a1i ch\u00fang t\u00f4i chia s\u1ebb danh s\u00e1ch m\u1edbi v\u1ec1 100 proxy t\u1ed1t nh\u1ea5t m\u1ed7i 3 gi\u1edd. Tham gia c\u00f9ng ch\u00fang t\u00f4i \u0111\u1ec3 c\u1eadp nh\u1eadt c\u00e1c proxy mi\u1ec5n ph\u00ed m\u1edbi su\u1ed1t ng\u00e0y \u0111\u00eam! Tham gia c\u00f9ng ch\u00fang t\u00f4i! @FreeProxiesHub<\/p>","protected":false},"author":1,"featured_media":0,"parent":0,"menu_order":0,"comment_status":"closed","ping_status":"closed","template":"page-free-locations.php","meta":{"_acf_changed":false,"inline_featured_image":false,"footnotes":""},"class_list":["post-466329","page","type-page","status-publish","hentry"],"acf":[],"_links":{"self":[{"href":"https:\/\/proxycompass.com\/vi\/wp-json\/wp\/v2\/pages\/466329","targetHints":{"allow":["GET"]}}],"collection":[{"href":"https:\/\/proxycompass.com\/vi\/wp-json\/wp\/v2\/pages"}],"about":[{"href":"https:\/\/proxycompass.com\/vi\/wp-json\/wp\/v2\/types\/page"}],"author":[{"embeddable":true,"href":"https:\/\/proxycompass.com\/vi\/wp-json\/wp\/v2\/users\/1"}],"replies":[{"embeddable":true,"href":"https:\/\/proxycompass.com\/vi\/wp-json\/wp\/v2\/comments?post=466329"}],"version-history":[{"count":17,"href":"https:\/\/proxycompass.com\/vi\/wp-json\/wp\/v2\/pages\/466329\/revisions"}],"predecessor-version":[{"id":471289,"href":"https:\/\/proxycompass.com\/vi\/wp-json\/wp\/v2\/pages\/466329\/revisions\/471289"}],"wp:attachment":[{"href":"https:\/\/proxycompass.com\/vi\/wp-json\/wp\/v2\/media?parent=466329"}],"curies":[{"name":"wp","href":"https:\/\/api.w.org\/{rel}","templated":true}]}}