{"id":468355,"date":"2024-03-01T08:34:48","date_gmt":"2024-03-01T08:34:48","guid":{"rendered":"https:\/\/proxycompass.com\/?page_id=468355"},"modified":"2025-07-30T03:26:58","modified_gmt":"2025-07-30T03:26:58","slug":"proxy-checker","status":"publish","type":"page","link":"https:\/\/proxycompass.com\/vi\/proxy-checker\/","title":{"rendered":"Tr\u00ecnh ki\u1ec3m tra proxy h\u00e0ng lo\u1ea1t"},"content":{"rendered":"<p>Proxy Checker c\u1ee7a ProxyCompass l\u00e0 m\u1ed9t c\u00f4ng c\u1ee5 tr\u1ef1c tuy\u1ebfn \u0111\u1ec3 ki\u1ec3m tra v\u00e0 ph\u00e2n t\u00edch h\u00e0ng lo\u1ea1t m\u00e1y ch\u1ee7 proxy. N\u00f3 h\u1ed7 tr\u1ee3 nhi\u1ec1u lo\u1ea1i proxy bao g\u1ed3m HTTP, HTTPS, SOCKS4 v\u00e0 SOCKS5.<\/p>\n\n\n\n<h3 class=\"wp-block-heading\">C\u00e1c t\u00ednh n\u0103ng ch\u00ednh:<\/h3>\n\n\n\n<ul class=\"wp-block-list\">\n<li><strong>H\u1ed7 tr\u1ee3 nhi\u1ec1u giao th\u1ee9c<\/strong>: C\u00f3 kh\u1ea3 n\u0103ng x\u1eed l\u00fd c\u00e1c giao th\u1ee9c proxy kh\u00e1c nhau.<\/li>\n\n\n\n<li><strong>X\u00e1c minh \u0111a lu\u1ed3ng<\/strong>: Cho ph\u00e9p ki\u1ec3m tra \u0111\u1ed3ng th\u1eddi nhi\u1ec1u proxy.<\/li>\n\n\n\n<li><strong>Ph\u00e2n t\u00edch \u1ea9n danh v\u00e0 hi\u1ec7u su\u1ea5t<\/strong>: \u0110\u00e1nh gi\u00e1 m\u1ee9c \u0111\u1ed9 \u1ea9n danh, t\u1ed1c \u0111\u1ed9 k\u1ebft n\u1ed1i v\u00e0 \u0111\u1ed9 tin c\u1eady.<\/li>\n\n\n\n<li><strong>Th\u00f4ng tin v\u1ec1 v\u1ecb tr\u00ed \u0111\u1ecba l\u00fd v\u00e0 ISP<\/strong>: Cung c\u1ea5p v\u1ecb tr\u00ed \u0111\u1ecba l\u00fd v\u00e0 d\u1eef li\u1ec7u ISP, c\u00f3 ngu\u1ed3n g\u1ed1c t\u1eeb\u00a0<a href=\"https:\/\/www.ripe.net\/\" target=\"_blank\" rel=\"noreferrer noopener\">c\u01a1 s\u1edf d\u1eef li\u1ec7u RIPE<\/a>.<\/li>\n\n\n\n<li><strong>B\u00e1o c\u00e1o c\u00f3 th\u1ec3 t\u1ea3i xu\u1ed1ng<\/strong>: Cung c\u1ea5p k\u1ebft qu\u1ea3 \u1edf \u0111\u1ecbnh d\u1ea1ng c\u00f3 th\u1ec3 truy c\u1eadp \u0111\u01b0\u1ee3c.<\/li>\n\n\n\n<li><strong>K\u1ebft qu\u1ea3 t\u1ee9c th\u00ec v\u00e0 l\u1ecdc n\u00e2ng cao<\/strong>: Hi\u1ec3n th\u1ecb k\u1ebft qu\u1ea3 theo th\u1eddi gian th\u1ef1c v\u1edbi c\u00e1c t\u00f9y ch\u1ecdn l\u1ecdc.<\/li>\n\n\n\n<li><strong>T\u00edch h\u1ee3p API<\/strong>&nbsp;(\u0110ang ph\u00e1t tri\u1ec3n): T\u00ednh n\u0103ng n\u00e0y hi\u1ec7n \u0111ang \u0111\u01b0\u1ee3c ph\u00e1t tri\u1ec3n v\u00e0 s\u1ebd s\u1edbm ra m\u1eaft. C\u00f4ng c\u1ee5 n\u00e0y \u0111\u01b0\u1ee3c thi\u1ebft k\u1ebf cho nh\u1eefng ai \u0111ang t\u00ecm ki\u1ebfm m\u1ed9t c\u00e1ch \u0111\u01a1n gi\u1ea3n v\u00e0 hi\u1ec7u qu\u1ea3 \u0111\u1ec3 ki\u1ec3m tra m\u00e1y ch\u1ee7 proxy.<\/li>\n<\/ul>","protected":false},"excerpt":{"rendered":"<p>Proxy Checker c\u1ee7a ProxyCompass l\u00e0 m\u1ed9t c\u00f4ng c\u1ee5 tr\u1ef1c tuy\u1ebfn \u0111\u1ec3 ki\u1ec3m tra v\u00e0 ph\u00e2n t\u00edch h\u00e0ng lo\u1ea1t m\u00e1y ch\u1ee7 proxy. N\u00f3 h\u1ed7 tr\u1ee3 nhi\u1ec1u lo\u1ea1i proxy bao g\u1ed3m HTTP, HTTPS, SOCKS4 v\u00e0 SOCKS5. C\u00e1c t\u00ednh n\u0103ng ch\u00ednh:<\/p>","protected":false},"author":1,"featured_media":0,"parent":0,"menu_order":0,"comment_status":"closed","ping_status":"closed","template":"page-checker.php","meta":{"_acf_changed":false,"inline_featured_image":false,"footnotes":""},"class_list":["post-468355","page","type-page","status-publish","hentry"],"acf":[],"_links":{"self":[{"href":"https:\/\/proxycompass.com\/vi\/wp-json\/wp\/v2\/pages\/468355","targetHints":{"allow":["GET"]}}],"collection":[{"href":"https:\/\/proxycompass.com\/vi\/wp-json\/wp\/v2\/pages"}],"about":[{"href":"https:\/\/proxycompass.com\/vi\/wp-json\/wp\/v2\/types\/page"}],"author":[{"embeddable":true,"href":"https:\/\/proxycompass.com\/vi\/wp-json\/wp\/v2\/users\/1"}],"replies":[{"embeddable":true,"href":"https:\/\/proxycompass.com\/vi\/wp-json\/wp\/v2\/comments?post=468355"}],"version-history":[{"count":7,"href":"https:\/\/proxycompass.com\/vi\/wp-json\/wp\/v2\/pages\/468355\/revisions"}],"predecessor-version":[{"id":471441,"href":"https:\/\/proxycompass.com\/vi\/wp-json\/wp\/v2\/pages\/468355\/revisions\/471441"}],"wp:attachment":[{"href":"https:\/\/proxycompass.com\/vi\/wp-json\/wp\/v2\/media?parent=468355"}],"curies":[{"name":"wp","href":"https:\/\/api.w.org\/{rel}","templated":true}]}}