{"id":469452,"date":"2024-03-18T14:05:23","date_gmt":"2024-03-18T14:05:23","guid":{"rendered":"https:\/\/proxycompass.com\/?page_id=469452"},"modified":"2026-05-14T17:00:19","modified_gmt":"2026-05-14T17:00:19","slug":"about-us","status":"publish","type":"page","link":"https:\/\/proxycompass.com\/vi\/about-us\/","title":{"rendered":"V\u1ec1 ch\u00fang t\u00f4i"},"content":{"rendered":"<hr class=\"wp-block-separator has-alpha-channel-opacity\"\/>\n\n\n\n<h2 class=\"wp-block-heading\"><strong>Ch\u00e0o m\u1eebng \u0111\u1ebfn v\u1edbi ProxyCompass<\/strong><\/h2>\n\n\n\n<p>C\u1ed5ng v\u00e0o c\u1ee7a b\u1ea1n d\u1eabn \u0111\u1ebfn ch\u1ea5t l\u01b0\u1ee3ng d\u1ecbch v\u1ee5 proxy v\u00e0 s\u1ef1 \u0111\u1ed5i m\u1edbi ch\u01b0a t\u1eebng c\u00f3, \u0111\u01b0\u1ee3c th\u00e0nh l\u1eadp trong ng\u00e0nh proxy t\u1eeb n\u0103m 2013. Ch\u00fang t\u00f4i \u0111\u1ee9ng \u0111\u1ea7u trong ng\u00e0nh proxy, cung c\u1ea5p nhi\u1ec1u l\u1ef1a ch\u1ecdn \u0111\u1ecba ch\u1ec9 IP \u0111\u1ec3 \u0111\u00e1p \u1ee9ng nhu c\u1ea7u tr\u1ef1c tuy\u1ebfn \u0111a d\u1ea1ng. Kh\u00e1m ph\u00e1 nh\u1eefng g\u00ec l\u00e0m cho ch\u00fang t\u00f4i \u0111\u1ed9c \u0111\u00e1o:<\/p>\n\n\n\n<hr class=\"wp-block-separator has-alpha-channel-opacity\"\/>\n\n\n\n<h2 class=\"wp-block-heading\"><strong>Gi\u1ea3i ph\u00e1p proxy s\u00e1ng t\u1ea1o<\/strong><\/h2>\n\n\n\n<p>ProxyCompass kh\u00f4ng ch\u1ec9 l\u00e0 m\u1ed9t d\u1ecbch v\u1ee5; \u0111\u00f3 l\u00e0 m\u1ed9t c\u00e1ch ti\u1ebfp c\u1eadn mang t\u00ednh ti\u00ean ti\u1ebfn \u0111\u1ed1i v\u1edbi t\u00ednh \u1ea9n danh v\u00e0 b\u1ea3o m\u1eadt tr\u1ef1c tuy\u1ebfn. V\u1edbi kho \u0111\u1ecba ch\u1ec9 IP phong ph\u00fa c\u1ee7a ch\u00fang t\u00f4i, kh\u00e1ch h\u00e0ng c\u00f3 th\u1ec3 t\u1eadn h\u01b0\u1edfng s\u1ef1 ri\u00eang t\u01b0 v\u00e0 linh ho\u1ea1t tuy\u1ec7t v\u1eddi khi tr\u1ef1c tuy\u1ebfn.<\/p>\n\n\n\n<hr class=\"wp-block-separator has-alpha-channel-opacity\"\/>\n\n\n\n<h2 class=\"wp-block-heading\"><strong>\u0110\u1ed9i ng\u0169 chuy\u00ean gia<\/strong><\/h2>\n\n\n\n<p>C\u00e1c chuy\u00ean gia c\u1ee7a ch\u00fang t\u00f4i, v\u1edbi n\u1ec1n t\u1ea3ng ki\u1ebfn th\u1ee9c phong ph\u00fa v\u1ec1 th\u1ecb tr\u01b0\u1eddng proxy, \u0111\u00e3 h\u1ee3p nh\u1ea5t d\u01b0\u1edbi ProxyCompass \u0111\u1ec3 cung c\u1ea5p m\u1ed9t d\u1ecbch v\u1ee5 \u0111\u1eb7c bi\u1ec7t \u0111\u01b0\u1ee3c thi\u1ebft k\u1ebf cho nh\u1eefng th\u00e1ch th\u1ee9c v\u00e0 c\u01a1 h\u1ed9i c\u1ee7a k\u1ef7 nguy\u00ean k\u1ef9 thu\u1eadt s\u1ed1.<\/p>\n\n\n\n<hr class=\"wp-block-separator has-alpha-channel-opacity\"\/>\n\n\n\n<h2 class=\"wp-block-heading\"><strong>M\u1ea1ng proxy to\u00e0n c\u1ea7u<\/strong><\/h2>\n\n\n\n<p>Ch\u00fang t\u00f4i t\u1ef1 h\u00e0o c\u00f3 h\u01a1n 100.000 m\u00e1y ch\u1ee7 proxy tr\u00ean h\u01a1n 20 qu\u1ed1c gia, t\u1ea5t c\u1ea3 \u0111\u1ec1u \u0111\u01b0\u1ee3c \u0111\u1eb7t t\u1ea1i c\u00e1c trung t\u00e2m d\u1eef li\u1ec7u h\u00e0ng \u0111\u1ea7u \u0111\u1ec3 cung c\u1ea5p d\u1ecbch v\u1ee5 hi\u1ec7u qu\u1ea3 cho nhi\u1ec1u kh\u00e1ch h\u00e0ng.<\/p>\n\n\n\n<ul class=\"wp-block-list\">\n<li><strong>Qu\u1ed1c gia:<\/strong> 20+<\/li>\n\n\n\n<li><strong>M\u00e1y ch\u1ee7 proxy:<\/strong> 100,000+<\/li>\n\n\n\n<li><strong>C\u00e1c trung t\u00e2m d\u1eef li\u1ec7u:<\/strong> \u0110\u1eb3ng c\u1ea5p th\u1ebf gi\u1edbi<\/li>\n<\/ul>\n\n\n\n<hr class=\"wp-block-separator has-alpha-channel-opacity\"\/>\n\n\n\n<h2 class=\"wp-block-heading\"><strong>T\u00f9y ch\u1ecdn proxy \u0111a d\u1ea1ng<\/strong><\/h2>\n\n\n\n<p>T\u1eeb d\u00e0nh ri\u00eang cho proxy d\u00f9ng chung (gi\u1edbi h\u1ea1n 2-3 ng\u01b0\u1eddi d\u00f9ng tr\u00ean m\u1ed7i proxy), ph\u1ea1m vi c\u1ee7a ch\u00fang t\u00f4i \u0111\u00e1p \u1ee9ng nhi\u1ec1u s\u1edf th\u00edch v\u00e0 ng\u00e2n s\u00e1ch kh\u00e1c nhau, \u0111\u1ea3m b\u1ea3o tr\u1ea3i nghi\u1ec7m proxy ph\u00f9 h\u1ee3p.<\/p>\n\n\n\n<hr class=\"wp-block-separator has-alpha-channel-opacity\"\/>\n\n\n\n<h2 class=\"wp-block-heading\"><strong>\u01afu \u0111i\u1ec3m ch\u00ednh<\/strong><\/h2>\n\n\n\n<ul class=\"wp-block-list\">\n<li><strong>\u0110\u1ed9 tin c\u1eady:<\/strong> M\u00e1y ch\u1ee7 \u0111\u00e1ng tin c\u1eady cho hi\u1ec7u su\u1ea5t tr\u1ef1c tuy\u1ebfn nh\u1ea5t qu\u00e1n.<\/li>\n\n\n\n<li><strong>C\u1ea5m kh\u00e1ng c\u1ef1:<\/strong> C\u00e1c thu\u1eadt to\u00e1n th\u00f4ng minh l\u00e0m gi\u1ea3m nguy c\u01a1 c\u1ea5m IP.<\/li>\n\n\n\n<li><strong>T\u1ed1c \u0111\u1ed9:<\/strong> T\u1eadn h\u01b0\u1edfng Internet t\u1ed1c \u0111\u1ed9 cao \u0111\u1ec3 duy\u1ec7t v\u00e0 x\u1eed l\u00fd d\u1eef li\u1ec7u hi\u1ec7u qu\u1ea3.<\/li>\n\n\n\n<li><strong>Th\u1eddi gian ho\u1ea1t \u0111\u1ed9ng:<\/strong> Ch\u00fang t\u00f4i \u0111\u1ea3m b\u1ea3o th\u1eddi gian ho\u1ea1t \u0111\u1ed9ng 99,9% \u0111\u1ec3 d\u1ecbch v\u1ee5 kh\u00f4ng b\u1ecb gi\u00e1n \u0111o\u1ea1n.<\/li>\n\n\n\n<li><strong>Gi\u00e1 c\u1ea3 ph\u1ea3i ch\u0103ng:<\/strong> Gi\u00e1 c\u1ea3 c\u1ea1nh tranh b\u1eaft \u0111\u1ea7u ch\u1ec9 t\u1eeb 6 xu cho m\u1ed7i IP.<\/li>\n<\/ul>\n\n\n\n<hr class=\"wp-block-separator has-alpha-channel-opacity\"\/>\n\n\n\n<h2 class=\"wp-block-heading\"><strong>H\u1ed7 tr\u1ee3 kh\u00e1ch h\u00e0ng 24\/7<\/strong><\/h2>\n\n\n\n<p>\u0110\u1ed9i ng\u0169 t\u1eadn t\u00e2m c\u1ee7a ch\u00fang t\u00f4i lu\u00f4n s\u1eb5n s\u00e0ng tr\u1ee3 gi\u00fap n\u1ebfu c\u00f3 b\u1ea5t k\u1ef3 c\u00e2u h\u1ecfi ho\u1eb7c nhu c\u1ea7u n\u00e0o, \u0111\u1ea3m b\u1ea3o tr\u1ea3i nghi\u1ec7m ProxyCompass li\u1ec1n m\u1ea1ch.<\/p>\n\n\n\n<hr class=\"wp-block-separator has-alpha-channel-opacity\"\/>\n\n\n\n<h2 class=\"wp-block-heading\"><strong>B\u1ea3o \u0111\u1ea3m s\u1ef1 h\u00e0i l\u00f2ng<\/strong><\/h2>\n\n\n\n<p>Kh\u00f4ng h\u00e0i l\u00f2ng? Ch\u00fang t\u00f4i ho\u00e0n l\u1ea1i ti\u1ec1n \u0111\u1ea7y \u0111\u1ee7 trong v\u00f2ng 24 gi\u1edd \u0111\u1ea7u ti\u00ean sau khi mua v\u00ec s\u1ef1 h\u00e0i l\u00f2ng c\u1ee7a b\u1ea1n l\u00e0 \u01b0u ti\u00ean h\u00e0ng \u0111\u1ea7u c\u1ee7a ch\u00fang t\u00f4i.<\/p>\n\n\n\n<hr class=\"wp-block-separator has-alpha-channel-opacity\"\/>\n\n\n\n<h2 class=\"wp-block-heading\"><strong>H\u00e3y tham gia ProxyCompass ngay h\u00f4m nay!<\/strong><\/h2>\n\n\n\n<p>N\u1eafm b\u1eaft ti\u00eau chu\u1ea9n m\u1edbi v\u1ec1 c\u00e1c gi\u1ea3i ph\u00e1p proxy an to\u00e0n v\u00e0 hi\u1ec7u qu\u1ea3 v\u1edbi ProxyCompass. N\u00e2ng cao quy\u1ec1n ri\u00eang t\u01b0 v\u00e0 hi\u1ec7u su\u1ea5t tr\u1ef1c tuy\u1ebfn c\u1ee7a b\u1ea1n h\u01a1n bao gi\u1edd h\u1ebft.<\/p>\n\n\n\n<hr class=\"wp-block-separator has-alpha-channel-opacity\"\/>\n\n\n\n<h2 class=\"wp-block-heading\"><strong>Li\u00ean h\u1ec7 ch\u00fang t\u00f4i<\/strong><\/h2>\n\n\n\n<p>Ch\u00fang t\u00f4i \u0111\u1ec1 cao t\u00ednh minh b\u1ea1ch v\u00e0 s\u1ef1 d\u1ec5 ti\u1ebfp c\u1eadn. N\u1ebfu b\u1ea1n c\u00f3 b\u1ea5t k\u1ef3 th\u1eafc m\u1eafc n\u00e0o v\u1ec1 d\u1ecbch v\u1ee5, thanh to\u00e1n ho\u1eb7c h\u1ed7 tr\u1ee3, vui l\u00f2ng li\u00ean h\u1ec7 v\u1edbi ch\u00fang t\u00f4i. <a href=\"https:\/\/proxycompass.com\/vi\/account\/contact.php\/\">li\u00ean h\u1ec7<\/a> cho \u0111\u1ed9i c\u1ee7a ch\u00fang t\u00f4i. <\/p>\n\n\n\n<p><\/p>","protected":false},"excerpt":{"rendered":"<p>Welcome to ProxyCompass Your gateway to unmatched proxy service quality and innovation, established in the proxy industry since 2013. We stand as a leader in the proxy industry, offering a vast selection of IP addresses to meet diverse online needs. Discover what makes us unique: Innovative Proxy Solutions ProxyCompass is more than a service; it&#8217;s [&hellip;]<\/p>\n","protected":false},"author":1,"featured_media":0,"parent":0,"menu_order":0,"comment_status":"closed","ping_status":"closed","template":"","meta":{"_acf_changed":false,"inline_featured_image":false,"footnotes":""},"class_list":["post-469452","page","type-page","status-publish","hentry"],"acf":[],"_links":{"self":[{"href":"https:\/\/proxycompass.com\/vi\/wp-json\/wp\/v2\/pages\/469452","targetHints":{"allow":["GET"]}}],"collection":[{"href":"https:\/\/proxycompass.com\/vi\/wp-json\/wp\/v2\/pages"}],"about":[{"href":"https:\/\/proxycompass.com\/vi\/wp-json\/wp\/v2\/types\/page"}],"author":[{"embeddable":true,"href":"https:\/\/proxycompass.com\/vi\/wp-json\/wp\/v2\/users\/1"}],"replies":[{"embeddable":true,"href":"https:\/\/proxycompass.com\/vi\/wp-json\/wp\/v2\/comments?post=469452"}],"version-history":[{"count":12,"href":"https:\/\/proxycompass.com\/vi\/wp-json\/wp\/v2\/pages\/469452\/revisions"}],"predecessor-version":[{"id":471719,"href":"https:\/\/proxycompass.com\/vi\/wp-json\/wp\/v2\/pages\/469452\/revisions\/471719"}],"wp:attachment":[{"href":"https:\/\/proxycompass.com\/vi\/wp-json\/wp\/v2\/media?parent=469452"}],"curies":[{"name":"wp","href":"https:\/\/api.w.org\/{rel}","templated":true}]}}