{"id":469491,"date":"2024-04-20T10:57:09","date_gmt":"2024-04-20T10:57:09","guid":{"rendered":"https:\/\/proxycompass.com\/?page_id=469491"},"modified":"2026-02-21T06:14:07","modified_gmt":"2026-02-21T06:14:07","slug":"free-trial","status":"publish","type":"page","link":"https:\/\/proxycompass.com\/vi\/free-trial\/","title":{"rendered":"Nh\u1eadn b\u1ea3n d\u00f9ng th\u1eed proxy mi\u1ec5n ph\u00ed trong 1 gi\u1edd"},"content":{"rendered":"<div class=\"wp-block-columns is-layout-flex wp-container-core-columns-is-layout-9d6595d7 wp-block-columns-is-layout-flex\">\n<div class=\"wp-block-column is-layout-flow wp-block-column-is-layout-flow\">\n<h2 class=\"wp-block-heading\">Chi ti\u1ebft d\u00f9ng th\u1eed mi\u1ec5n ph\u00ed<\/h2>\n\n\n\n<ul class=\"wp-block-list\">\n<li>50 \u0111\u1ecba ch\u1ec9 IP proxy<\/li>\n\n\n\n<li>Trung t\u00e2m d\u1eef li\u1ec7u t\u0129nh \u0111\u01b0\u1ee3c l\u01b0u tr\u1eef<\/li>\n\n\n\n<li>Giao th\u1ee9c HTTP(S) v\u00e0 SOCKS4\/5<\/li>\n\n\n\n<li>\u0111\u1ecba \u0111i\u1ec3m \u1edf M\u1ef9<\/li>\n\n\n\n<li>B\u0103ng th\u00f4ng kh\u00f4ng gi\u1edbi h\u1ea1n<\/li>\n\n\n\n<li>Proxy \u01b0u t\u00fa \u1ea9n danh \u0111\u1ea7y \u0111\u1ee7<\/li>\n\n\n\n<li>Truy c\u1eadp proxy trong v\u00f2ng 5 ph\u00fat<\/li>\n\n\n\n<li>Ki\u1ec3m tra 60 ph\u00fat<\/li>\n\n\n\n<li>Kh\u00f4ng c\u00f3 ngh\u0129a v\u1ee5<\/li>\n\n\n\n<li>Kh\u00f4ng c\u1ea7n th\u1ebb t\u00edn d\u1ee5ng<\/li>\n\n\n\n<li>N\u00e2ng c\u1ea5p l\u00ean t\u00e0i kho\u1ea3n tr\u1ea3 ph\u00ed b\u1ea5t c\u1ee9 l\u00fac n\u00e0o<\/li>\n<\/ul>\n\n\n\n<h2 class=\"wp-block-heading\">B\u1ea1n ph\u1ea3i l\u00e0m g\u00ec?<\/h2>\n\n\n\n<p>\u0110\u1ec3 d\u00f9ng th\u1eed c\u00e1c proxy n\u00e0y, b\u1ea1n ch\u1ec9 c\u1ea7n nh\u1ea5p v\u00e0o li\u00ean k\u1ebft b\u00ean d\u01b0\u1edbi v\u00e0 ho\u00e0n t\u1ea5t quy tr\u00ecnh \u0111\u0103ng k\u00fd nhanh ch\u00f3ng.<\/p>\n\n\n\n<p><a href=\"https:\/\/proxycompass.com\/account\/index.php?rp=\/store\/test-packages\/50-usa-proxies-60-minutes\" target=\"_blank\" rel=\"noreferrer noopener\">NH\u1eacN D\u00d9NG TH\u1eec MI\u1ec4N PH\u00cd<\/a><\/p>\n\n\n\n<p>B\u1ea1n c\u1ea7n tr\u1ee3 gi\u00fap k\u00edch ho\u1ea1t g\u00f3i c\u1ee7a m\u00ecnh? Ch\u1ec9 c\u1ea7n \u0111\u1ecdc <a href=\"https:\/\/proxycompass.com\/vi\/knowledge-base\/how-to-activate-a-proxy-package\/\" target=\"_blank\" rel=\"noreferrer noopener\">h\u01b0\u1edbng d\u1eabn t\u1eebng b\u01b0\u1edbc<\/a>.<\/p>\n<\/div>\n\n\n\n<div class=\"wp-block-column is-layout-flow wp-block-column-is-layout-flow\">\n<figure class=\"wp-block-gallery has-nested-images columns-default is-cropped wp-block-gallery-1 is-layout-flex wp-block-gallery-is-layout-flex\">\n<figure class=\"wp-block-image size-full is-style-default\"><a href=\"https:\/\/proxycompass.com\/account\/index.php?rp=\/store\/test-packages\/50-usa-proxies-60-minutes\" target=\"_blank\" rel=\"noreferrer noopener\"><img decoding=\"async\" width=\"600\" height=\"600\" data-id=\"471247\" src=\"https:\/\/proxycompass.com\/wp-content\/uploads\/2024\/09\/free-proxy-trial.png\" alt=\"banner d\u00f9ng th\u1eed proxy mi\u1ec5n ph\u00ed\" class=\"wp-image-471247\" srcset=\"https:\/\/proxycompass.com\/wp-content\/uploads\/2024\/09\/free-proxy-trial.png 600w, https:\/\/proxycompass.com\/wp-content\/uploads\/2024\/09\/free-proxy-trial-150x150.png 150w, https:\/\/proxycompass.com\/wp-content\/uploads\/2024\/09\/free-proxy-trial-12x12.png 12w, https:\/\/proxycompass.com\/wp-content\/uploads\/2024\/09\/free-proxy-trial-75x75.png 75w, https:\/\/proxycompass.com\/wp-content\/uploads\/2024\/09\/free-proxy-trial-24x24.png 24w, https:\/\/proxycompass.com\/wp-content\/uploads\/2024\/09\/free-proxy-trial-48x48.png 48w, https:\/\/proxycompass.com\/wp-content\/uploads\/2024\/09\/free-proxy-trial-96x96.png 96w, https:\/\/proxycompass.com\/wp-content\/uploads\/2024\/09\/free-proxy-trial-300x300.png 300w\" sizes=\"(max-width: 600px) 100vw, 600px\" \/><\/a><\/figure>\n<\/figure>\n<\/div>\n<\/div>\n\n\n\n<p>C\u1ea7n th\u00eam th\u1eddi gian \u0111\u1ec3 ki\u1ec3m tra? Sau \u0111\u00f3 \u0111i \u0111\u1ebfn <a href=\"https:\/\/proxycompass.com\/vi\/prices\/\" data-type=\"link\" data-id=\"https:\/\/proxycompass.com\/prices\/\">trang \u0111\u1ecbnh gi\u00e1<\/a>, h\u00e3y ch\u1ecdn g\u00f3i proxy m\u00e0 b\u1ea1n quan t\u00e2m v\u00e0 ki\u1ec3m tra n\u00f3 kh\u00f4ng c\u00f3 r\u1ee7i ro trong 24 gi\u1edd. N\u1ebfu b\u1ea1n kh\u00f4ng h\u00e0i l\u00f2ng v\u1edbi k\u1ebft qu\u1ea3, h\u00e3y cho ch\u00fang t\u00f4i bi\u1ebft th\u00f4ng qua h\u1ec7 th\u1ed1ng b\u00e1n v\u00e9 c\u1ee7a ch\u00fang t\u00f4i. Ch\u00fang t\u00f4i s\u1ebd ho\u00e0n l\u1ea1i ti\u1ec1n \u0111\u1ea7y \u0111\u1ee7 cho b\u1ea1n.<\/p>\n\n\n\n<p><\/p>\n\n\n\n<h2 class=\"wp-block-heading\">G\u00f3i m\u00e1y ch\u1ee7 proxy mi\u1ec5n ph\u00ed<\/h2>\n\n\n\n<h3 class=\"wp-block-heading\">50 \u0111\u1ecba ch\u1ec9 IP proxy<\/h3>\n\n\n\n<p>Sau khi \u0111\u0103ng k\u00fd nhanh ch\u00f3ng v\u00e0 kh\u00f4ng r\u00e0ng bu\u1ed9c, b\u1ea1n s\u1ebd nh\u1eadn \u0111\u01b0\u1ee3c danh s\u00e1ch 50 \u0111\u1ecba ch\u1ec9 IP c\u00f3 s\u1eb5n \u0111\u1ec3 s\u1eed d\u1ee5ng. T\u00f9y thu\u1ed9c v\u00e0o ph\u1ea7n m\u1ec1m b\u1ea1n \u0111\u1ecbnh s\u1eed d\u1ee5ng, b\u1ea1n c\u00f3 th\u1ec3 s\u1eed d\u1ee5ng t\u1ea5t c\u1ea3 ch\u00fang c\u00f9ng m\u1ed9t l\u00fac ho\u1eb7c s\u1eed d\u1ee5ng t\u1eebng c\u00e1i m\u1ed9t th\u00f4ng qua m\u1ed9t API \u0111\u1eb7c bi\u1ec7t, API n\u00e0y s\u1ebd quay v\u00f2ng v\u00e0 cung c\u1ea5p ng\u1eabu nhi\u00ean \u0111\u1ecba ch\u1ec9 IP c\u1ee7a m\u00e1y ch\u1ee7 proxy.<\/p>\n\n\n\n<h3 class=\"wp-block-heading\">Proxy \u0111\u01b0\u1ee3c l\u01b0u tr\u1eef t\u1ea1i trung t\u00e2m d\u1eef li\u1ec7u t\u0129nh<\/h3>\n\n\n\n<p>C\u00e1c m\u00e1y ch\u1ee7 proxy b\u1ea1n nh\u1eadn \u0111\u01b0\u1ee3c \u0111\u1ec3 ki\u1ec3m tra \u0111\u1ec1u \u1edf tr\u1ea1ng th\u00e1i t\u0129nh. \u0110i\u1ec1u n\u00e0y c\u00f3 ngh\u0129a l\u00e0 \u0111\u1ecba ch\u1ec9 IP c\u1ee7a h\u1ecd kh\u00f4ng bao gi\u1edd thay \u0111\u1ed5i, t\u1ee9c l\u00e0 ch\u00fang lu\u00f4n gi\u1eef nguy\u00ean. V\u1ec1 m\u1eb7t v\u1eadt l\u00fd, c\u00e1c m\u00e1y ch\u1ee7 proxy n\u00e0y \u0111\u01b0\u1ee3c \u0111\u1eb7t t\u1ea1i c\u00e1c trung t\u00e2m d\u1eef li\u1ec7u kh\u00e1c nhau \u1edf Hoa K\u1ef3. \u0110i\u1ec1u n\u00e0y c\u00f3 ngh\u0129a l\u00e0 ch\u00fang lu\u00f4n ho\u1ea1t \u0111\u1ed9ng v\u00e0 b\u1ea1n c\u00f3 th\u1ec3 s\u1eed d\u1ee5ng ch\u00fang b\u1ea5t k\u1ef3 l\u00fac n\u00e0o trong ng\u00e0y hay \u0111\u00eam.<\/p>\n\n\n\n<h3 class=\"wp-block-heading\">Giao th\u1ee9c HTTP(S) v\u00e0 SOCKS4\/5<\/h3>\n\n\n\n<p>C\u00e1c m\u00e1y ch\u1ee7 proxy b\u1ea1n nh\u1eadn \u0111\u01b0\u1ee3c h\u1ed7 tr\u1ee3 t\u1ea5t c\u1ea3 c\u00e1c giao th\u1ee9c ph\u1ed5 bi\u1ebfn, t\u1ee9c l\u00e0 HTTP\/S, SOCKS4\/5 c\u00f9ng m\u1ed9t l\u00fac.<\/p>\n\n\n\n<p>B\u00ean trong b\u1ea3ng \u0111i\u1ec1u khi\u1ec3n ng\u01b0\u1eddi d\u00f9ng, b\u1ea1n c\u00f3 th\u1ec3 t\u1ea3i xu\u1ed1ng danh s\u00e1ch m\u00e1y ch\u1ee7 proxy c\u1ee7a m\u00ecnh \u1edf b\u1ea5t k\u1ef3 \u0111\u1ecbnh d\u1ea1ng n\u00e0o b\u1ea1n c\u1ea7n.<\/p>\n\n\n\n<h3 class=\"wp-block-heading\">\u0110\u1ecba \u0111i\u1ec3m \u1edf Hoa K\u1ef3<\/h3>\n\n\n\n<p>G\u00f3i proxy mi\u1ec5n ph\u00ed n\u00e0y bao g\u1ed3m 50 \u0111\u1ecba ch\u1ec9 IP proxy t\u1eeb Hoa K\u1ef3. S\u1ed1 l\u01b0\u1ee3ng proxy c\u1ee5 th\u1ec3 t\u1eeb c\u00e1c th\u00e0nh ph\u1ed1 kh\u00e1c nhau \u1edf Hoa K\u1ef3 \u0111\u01b0\u1ee3c ch\u1ecdn ng\u1eabu nhi\u00ean.<\/p>\n\n\n\n<h3 class=\"wp-block-heading\">B\u0103ng th\u00f4ng kh\u00f4ng gi\u1edbi h\u1ea1n<\/h3>\n\n\n\n<p>Ch\u00fang t\u00f4i kh\u00f4ng gi\u1edbi h\u1ea1n l\u01b0\u1ee3ng l\u01b0u l\u01b0\u1ee3ng truy c\u1eadp \u0111\u01b0\u1ee3c kh\u00e1ch h\u00e0ng s\u1eed d\u1ee5ng \u0111\u1ec3 t\u1ea3i xu\u1ed1ng v\u00e0 t\u1ea3i l\u00ean. \u0110i\u1ec1u n\u00e0y \u00e1p d\u1ee5ng cho c\u1ea3 g\u00f3i tr\u1ea3 ph\u00ed v\u00e0 g\u00f3i mi\u1ec5n ph\u00ed n\u00e0y.<\/p>\n\n\n\n<h3 class=\"wp-block-heading\">Proxy \u01b0u t\u00fa \u1ea9n danh \u0111\u1ea7y \u0111\u1ee7<\/h3>\n\n\n\n<p>C\u00e1c m\u00e1y ch\u1ee7 proxy th\u1eed nghi\u1ec7m n\u00e0y ho\u00e0n to\u00e0n gi\u1ed1ng v\u1edbi c\u00e1c m\u00e1y ch\u1ee7 proxy tr\u1ea3 ph\u00ed c\u1ee7a ch\u00fang t\u00f4i. H\u1ecd c\u00e0ng \u1ea9n danh c\u00e0ng t\u1ed1t.<\/p>\n\n\n\n<h3 class=\"wp-block-heading\">N\u00e2ng c\u1ea5p l\u00ean t\u00e0i kho\u1ea3n tr\u1ea3 ph\u00ed b\u1ea5t c\u1ee9 l\u00fac n\u00e0o<\/h3>\n\n\n\n<p>Khi b\u1ea1n \u0111\u00e3 ki\u1ec3m tra kh\u1ea3 n\u0103ng t\u01b0\u01a1ng th\u00edch c\u1ee7a m\u00e1y ch\u1ee7 proxy v\u1edbi t\u00e1c v\u1ee5 c\u1ee7a m\u00ecnh, b\u1ea1n c\u00f3 th\u1ec3 ch\u1ecdn b\u1ea5t k\u1ef3 g\u00f3i proxy n\u00e0o ph\u00f9 h\u1ee3p v\u1edbi nhu c\u1ea7u c\u1ee7a m\u00ecnh tr\u1ef1c ti\u1ebfp t\u1eeb b\u1ea3ng \u0111i\u1ec1u khi\u1ec3n ng\u01b0\u1eddi d\u00f9ng.<\/p>","protected":false},"excerpt":{"rendered":"<p>Free Trial Details What Do You Have to Do? To try these proxies, simply click on the link below and complete the quick registration process. GET FREE TRIAL Need help activating your package? Just read our step-by-step guide. Need more time to test? Then go to the pricing page, select the proxy package that interests [&hellip;]<\/p>\n","protected":false},"author":1,"featured_media":0,"parent":0,"menu_order":0,"comment_status":"closed","ping_status":"closed","template":"page-free-trial.php","meta":{"_acf_changed":false,"inline_featured_image":false,"footnotes":""},"class_list":["post-469491","page","type-page","status-publish","hentry"],"acf":[],"_links":{"self":[{"href":"https:\/\/proxycompass.com\/vi\/wp-json\/wp\/v2\/pages\/469491","targetHints":{"allow":["GET"]}}],"collection":[{"href":"https:\/\/proxycompass.com\/vi\/wp-json\/wp\/v2\/pages"}],"about":[{"href":"https:\/\/proxycompass.com\/vi\/wp-json\/wp\/v2\/types\/page"}],"author":[{"embeddable":true,"href":"https:\/\/proxycompass.com\/vi\/wp-json\/wp\/v2\/users\/1"}],"replies":[{"embeddable":true,"href":"https:\/\/proxycompass.com\/vi\/wp-json\/wp\/v2\/comments?post=469491"}],"version-history":[{"count":23,"href":"https:\/\/proxycompass.com\/vi\/wp-json\/wp\/v2\/pages\/469491\/revisions"}],"predecessor-version":[{"id":471527,"href":"https:\/\/proxycompass.com\/vi\/wp-json\/wp\/v2\/pages\/469491\/revisions\/471527"}],"wp:attachment":[{"href":"https:\/\/proxycompass.com\/vi\/wp-json\/wp\/v2\/media?parent=469491"}],"curies":[{"name":"wp","href":"https:\/\/api.w.org\/{rel}","templated":true}]}}