{"id":471215,"date":"2024-09-17T12:47:58","date_gmt":"2024-09-17T12:47:58","guid":{"rendered":"https:\/\/proxycompass.com\/?page_id=471215"},"modified":"2024-09-17T12:47:59","modified_gmt":"2024-09-17T12:47:59","slug":"disclaimer","status":"publish","type":"page","link":"https:\/\/proxycompass.com\/vi\/disclaimer\/","title":{"rendered":"Tuy\u00ean b\u1ed1 mi\u1ec5n tr\u1eeb tr\u00e1ch nhi\u1ec7m"},"content":{"rendered":"<h2 class=\"wp-block-heading\">Tuy\u00ean b\u1ed1 mi\u1ec5n tr\u1eeb tr\u00e1ch nhi\u1ec7m<\/h2>\n\n\n\n<p>C\u00c1C D\u1ecaCH V\u1ee4 \u0110\u01af\u1ee2C CUNG C\u1ea4P B\u1edeI <strong>LA B\u00c0N PROXY<\/strong> \u0110\u01af\u1ee2C CUNG C\u1ea4P \u201cNGUY\u00caN TR\u1ea0NG\u201d V\u1edaI T\u1ea4T C\u1ea2 C\u00c1C L\u1ed6I. \u1ede M\u1ee8C \u0110\u1ea6Y \u0110\u1ee6 NH\u1ea4T \u0110\u01af\u1ee2C PH\u00c1P LU\u1eacT CHO PH\u00c9P, <strong>LA B\u00c0N PROXY<\/strong> V\u00c0 C\u00c1C B\u00caN \u0110\u01af\u1ee2C B\u1ed2I TH\u01af\u1edcNG T\u1eea CH\u1ed0I M\u1eccI B\u1ea2O H\u00c0NH, D\u00d9 R\u00d5 R\u00c0NG HAY NG\u1ee4 \u00dd, BAO G\u1ed2M NH\u01afNG KH\u00d4NG GI\u1edaI H\u1ea0N \u1ede C\u00c1C B\u1ea2O H\u00c0NH R\u1eb0NG C\u00c1C D\u1ecaCH V\u1ee4 KH\u00d4NG C\u00d3 KHUY\u1ebeT T\u1eacT, C\u00d3 TH\u1ec2 B\u00c1N \u0110\u01af\u1ee2C, PH\u00d9 H\u1ee2P V\u1edaI M\u1ed8T M\u1ee4C \u0110\u00cdCH C\u1ee4 TH\u1ec2 V\u00c0 KH\u00d4NG VI PH\u1ea0M. B\u1ea0N CH\u1ecaU TO\u00c0N B\u1ed8 TR\u00c1CH NHI\u1ec6M V\u1ec0 VI\u1ec6C S\u1eec D\u1ee4NG C\u00c1C D\u1ecaCH V\u1ee4 THEO R\u1ee6I RO C\u1ee6A RI\u00caNG B\u1ea0N, BAO G\u1ed2M M\u1eccI R\u1ee6I RO LI\u00caN QUAN \u0110\u1ebeN CH\u1ea4T L\u01af\u1ee2NG, HI\u1ec6U SU\u1ea4T V\u00c0 B\u1ea2O M\u1eacT C\u1ee6A C\u00c1C D\u1ecaCH V\u1ee4, CH\u1eb2NG H\u1ea0N CH\u1ec8 L\u00c0 KH\u1ea2 N\u0102NG M\u1ea4T D\u1eee LI\u1ec6U, TRUY C\u1eacP TR\u00c1I PH\u00c9P V\u00c0O TH\u00d4NG TIN C\u1ee6A B\u1ea0N HO\u1eb6C NG\u01af\u1edcI D\u00d9NG KH\u00c1C S\u1eec D\u1ee4NG SAI C\u00c1CH. GI\u1edaI H\u1ea0N N\u00c0Y \u00c1P D\u1ee4NG NGAY C\u1ea2 KHI B\u1ea4T K\u1ef2 BI\u1ec6N PH\u00c1P KH\u1eaeC PH\u1ee4C N\u00c0O KH\u00d4NG \u0110\u1ea0T \u0110\u01af\u1ee2C M\u1ee4C \u0110\u00cdCH C\u1ea6N THI\u1ebeT C\u1ee6A N\u00d3. M\u1ed8T S\u1ed0 QUY\u1ec0N H\u1ea0N KH\u00d4NG CHO PH\u00c9P LO\u1ea0I TR\u1eea HO\u1eb6C GI\u1edaI H\u1ea0N C\u00c1C B\u1ea2O H\u00c0NH NG\u1ee4 \u00dd, DO \u0110\u00d3 NH\u1eeeNG LO\u1ea0I TR\u1eea N\u00c0Y C\u00d3 TH\u1ec2 KH\u00d4NG \u00c1P D\u1ee4NG V\u1edaI B\u1ea0N.<\/p>\n\n\n\n<p>TR\u1eea KHI LU\u1eacT PH\u00c1P Y\u00caU C\u1ea6U, <strong>LA B\u00c0N PROXY<\/strong> V\u00c0 C\u00c1C B\u00caN \u0110\u01af\u1ee2C B\u1ed2I TH\u01af\u1edcNG S\u1ebc KH\u00d4NG CH\u1ecaU TR\u00c1CH NHI\u1ec6M \u0110\u1ed0I V\u1edaI B\u1ea4T K\u1ef2 THI\u1ec6T H\u1ea0I GI\u00c1N TI\u1ebeP, \u0110\u1eb6C BI\u1ec6T, NG\u1eaaU NHI\u00caN, H\u1eacU QU\u1ea2 HO\u1eb6C M\u1eaaU M\u1ef0C N\u00c0O PH\u00c1T SINH T\u1eea HO\u1eb6C LI\u00caN QUAN \u0110\u1ebeN C\u00c1C \u0110I\u1ec0U KHO\u1ea2N N\u00c0Y HO\u1eb6C VI\u1ec6C B\u1ea0N S\u1eec D\u1ee4NG (HO\u1eb6C KH\u00d4NG TH\u1ec2 S\u1eec D\u1ee4NG) C\u00c1C D\u1ecaCH V\u1ee4, BAO G\u1ed2M NH\u01afNG KH\u00d4NG GI\u1edaI H\u1ea0N \u1ede C\u00c1C THI\u1ec6T H\u1ea0I DO M\u1ea4T THI\u1ec6N CH\u00cd, NG\u1eeaNG C\u00d4NG VI\u1ec6C, M\u1ea4T L\u1ee2I NHU\u1eacN, M\u1ea4T D\u1eee LI\u1ec6U HO\u1eb6C L\u1ed6I M\u00c1Y T\u00cdNH, NGAY C\u1ea2 KHI \u0110\u01af\u1ee2C TH\u00d4NG B\u00c1O V\u1ec0 KH\u1ea2 N\u0102NG X\u1ea2Y RA C\u00c1C THI\u1ec6T H\u1ea0I \u0110\u00d3 V\u00c0 B\u1ea4T K\u1ec2 L\u00dd THUY\u1ebeT PH\u00c1P L\u00dd N\u00c0O (H\u1ee2P \u0110\u1ed2NG, H\u00c0NH VI PH\u1ea0M PH\u00c1P L\u00dd HO\u1eb6C C\u00c1CH KH\u00c1C) M\u00c0 Y\u00caU C\u1ea6U \u0110\u00d3 D\u1ef0A TR\u00caN. T\u1ed4NG TR\u00c1CH NHI\u1ec6M PH\u00c1P L\u00dd C\u1ee6A <strong>LA B\u00c0N PROXY<\/strong> V\u00c0 C\u00c1C B\u00caN \u0110\u01af\u1ee2C B\u1ed2I TH\u01af\u1edcNG THEO TH\u1eceA THU\u1eacN N\u00c0Y S\u1ebc KH\u00d4NG V\u01af\u1ee2T QU\u00c1 $500 (N\u0102M TR\u0102M \u0110\u00d4 LA). M\u1ed8T S\u1ed0 QUY\u1ec0N H\u1ea0N KH\u00d4NG CHO PH\u00c9P LO\u1ea0I TR\u1eea HO\u1eb6C GI\u1edaI H\u1ea0N M\u1ed8T S\u1ed0 THI\u1ec6T H\u1ea0I NH\u1ea4T \u0110\u1ecaNH, DO \u0110\u00d3 LO\u1ea0I TR\u1eea V\u00c0 GI\u1edaI H\u1ea0N N\u00c0Y C\u00d3 TH\u1ec2 KH\u00d4NG \u00c1P D\u1ee4NG V\u1edaI B\u1ea0N.<\/p>\n\n\n\n<h3 class=\"wp-block-heading\">B\u1ed3i th\u01b0\u1eddng<\/h3>\n\n\n\n<p>B\u1ea1n \u0111\u1ed3ng \u00fd b\u1ea3o v\u1ec7, b\u1ed3i th\u01b0\u1eddng v\u00e0 gi\u1eef v\u00f4 h\u1ea1i <strong>LA B\u00c0N PROXY<\/strong>, c\u00e1c nh\u00e0 th\u1ea7u, ng\u01b0\u1eddi \u0111\u00f3ng g\u00f3p, b\u00ean c\u1ea5p ph\u00e9p v\u00e0 \u0111\u1ed1i t\u00e1c c\u1ee7a ch\u00fang t\u00f4i, c\u0169ng nh\u01b0 c\u00e1c gi\u00e1m \u0111\u1ed1c, c\u00e1n b\u1ed9, nh\u00e2n vi\u00ean v\u00e0 \u0111\u1ea1i l\u00fd t\u01b0\u01a1ng \u1ee9ng c\u1ee7a h\u1ecd (&quot;B\u00ean \u0111\u01b0\u1ee3c b\u1ed3i th\u01b0\u1eddng&quot;), kh\u1ecfi v\u00e0 ch\u1ed1ng l\u1ea1i m\u1ecdi khi\u1ebfu n\u1ea1i v\u00e0 chi ph\u00ed c\u1ee7a b\u00ean th\u1ee9 ba, bao g\u1ed3m c\u1ea3 ph\u00ed lu\u1eadt s\u01b0, ph\u00e1t sinh t\u1eeb ho\u1eb7c li\u00ean quan \u0111\u1ebfn vi\u1ec7c b\u1ea1n s\u1eed d\u1ee5ng c\u00e1c d\u1ecbch v\u1ee5 c\u1ee7a ch\u00fang t\u00f4i, bao g\u1ed3m nh\u01b0ng kh\u00f4ng gi\u1edbi h\u1ea1n \u1edf c\u00e1c n\u1ed9i dung b\u1ea1n g\u1eedi ho\u1eb7c vi ph\u1ea1m c\u00e1c \u0110i\u1ec1u kho\u1ea3n n\u00e0y.<\/p>","protected":false},"excerpt":{"rendered":"<p>Disclaimer THE SERVICES PROVIDED BY PROXY COMPASS ARE OFFERED &#8220;AS IS&#8221; WITH ALL FAULTS. TO THE FULLEST EXTENT PERMITTED BY LAW, PROXY COMPASS AND THE INDEMNIFIED PARTIES DISCLAIM ALL WARRANTIES, WHETHER EXPRESS OR IMPLIED, INCLUDING BUT NOT LIMITED TO WARRANTIES THAT THE SERVICES ARE FREE OF DEFECTS, MERCHANTABLE, FIT FOR A PARTICULAR PURPOSE, AND NON-INFRINGING. [&hellip;]<\/p>\n","protected":false},"author":1,"featured_media":0,"parent":0,"menu_order":0,"comment_status":"closed","ping_status":"closed","template":"","meta":{"_acf_changed":false,"inline_featured_image":false,"footnotes":""},"class_list":["post-471215","page","type-page","status-publish","hentry"],"acf":[],"_links":{"self":[{"href":"https:\/\/proxycompass.com\/vi\/wp-json\/wp\/v2\/pages\/471215","targetHints":{"allow":["GET"]}}],"collection":[{"href":"https:\/\/proxycompass.com\/vi\/wp-json\/wp\/v2\/pages"}],"about":[{"href":"https:\/\/proxycompass.com\/vi\/wp-json\/wp\/v2\/types\/page"}],"author":[{"embeddable":true,"href":"https:\/\/proxycompass.com\/vi\/wp-json\/wp\/v2\/users\/1"}],"replies":[{"embeddable":true,"href":"https:\/\/proxycompass.com\/vi\/wp-json\/wp\/v2\/comments?post=471215"}],"version-history":[{"count":1,"href":"https:\/\/proxycompass.com\/vi\/wp-json\/wp\/v2\/pages\/471215\/revisions"}],"predecessor-version":[{"id":471216,"href":"https:\/\/proxycompass.com\/vi\/wp-json\/wp\/v2\/pages\/471215\/revisions\/471216"}],"wp:attachment":[{"href":"https:\/\/proxycompass.com\/vi\/wp-json\/wp\/v2\/media?parent=471215"}],"curies":[{"name":"wp","href":"https:\/\/api.w.org\/{rel}","templated":true}]}}