{"id":471256,"date":"2024-09-30T05:48:55","date_gmt":"2024-09-30T05:48:55","guid":{"rendered":"https:\/\/proxycompass.com\/?page_id=471256"},"modified":"2024-09-30T05:48:56","modified_gmt":"2024-09-30T05:48:56","slug":"affiliate-program","status":"publish","type":"page","link":"https:\/\/proxycompass.com\/vi\/affiliate-program\/","title":{"rendered":"Ch\u01b0\u01a1ng tr\u00ecnh li\u00ean k\u1ebft \u2013 Ki\u1ebfm ti\u1ec1n b\u1eb1ng c\u00e1ch qu\u1ea3ng b\u00e1 Proxy!"},"content":{"rendered":"<h4 class=\"wp-block-heading\"><strong>T\u1ed5ng quan v\u1ec1 ch\u01b0\u01a1ng tr\u00ecnh:<\/strong><\/h4>\n\n\n\n<p>Tham gia ch\u01b0\u01a1ng tr\u00ecnh li\u00ean k\u1ebft ProxyCompass v\u00e0 ki\u1ebfm \u0111\u01b0\u1ee3c <strong>hoa h\u1ed3ng tr\u1ecdn \u0111\u1eddi 15%<\/strong> tr\u00ean m\u1ecdi kho\u1ea3n thanh to\u00e1n \u0111\u01b0\u1ee3c th\u1ef1c hi\u1ec7n b\u1edfi kh\u00e1ch h\u00e0ng b\u1ea1n gi\u1edbi thi\u1ec7u. Ch\u01b0\u01a1ng tr\u00ecnh c\u1ee7a ch\u00fang t\u00f4i cung c\u1ea5p m\u1ed9t c\u00e1ch \u0111\u01a1n gi\u1ea3n \u0111\u1ec3 ki\u1ebfm ti\u1ec1n trong khi qu\u1ea3ng b\u00e1 d\u1ecbch v\u1ee5 proxy h\u00e0ng \u0111\u1ea7u.<\/p>\n\n\n\n<ul class=\"wp-block-list\">\n<li><strong>Hoa h\u1ed3ng tr\u1ecdn \u0111\u1eddi<\/strong>: Ki\u1ebfm <strong>15%<\/strong> t\u1eeb t\u1ea5t c\u1ea3 c\u00e1c kho\u1ea3n thanh to\u00e1n \u0111\u01b0\u1ee3c th\u1ef1c hi\u1ec7n b\u1edfi kh\u00e1ch h\u00e0ng b\u1ea1n gi\u1edbi thi\u1ec7u, mi\u1ec5n l\u00e0 h\u1ecd v\u1eabn c\u00f2n ho\u1ea1t \u0111\u1ed9ng.<\/li>\n\n\n\n<li><strong>L\u1ecbch tr\u00ecnh thanh to\u00e1n<\/strong>:Hoa h\u1ed3ng s\u1ebd \u0111\u01b0\u1ee3c ghi c\u00f3 sau 30 ng\u00e0y k\u1ec3 t\u1eeb ng\u00e0y kh\u00e1ch h\u00e0ng \u0111\u01b0\u1ee3c gi\u1edbi thi\u1ec7u thanh to\u00e1n.<\/li>\n\n\n\n<li><strong>T\u00f9y ch\u1ecdn thanh to\u00e1n<\/strong>: S\u1eed d\u1ee5ng thu nh\u1eadp c\u1ee7a b\u1ea1n \u0111\u1ec3 thanh to\u00e1n cho c\u00e1c d\u1ecbch v\u1ee5 ProxyCompass ho\u1eb7c r\u00fat ti\u1ec1n <strong>USDT TRC20<\/strong>.<\/li>\n\n\n\n<li><strong>R\u00fat ti\u1ec1n t\u1ed1i thi\u1ec3u<\/strong>: Thanh to\u00e1n t\u1ed1i thi\u1ec3u $100.<\/li>\n<\/ul>\n\n\n\n<h4 class=\"wp-block-heading\"><strong>L\u1ee3i \u00edch c\u1ee7a Ch\u01b0\u01a1ng tr\u00ecnh li\u00ean k\u1ebft ProxyCompass:<\/strong><\/h4>\n\n\n\n<ul class=\"wp-block-list\">\n<li><strong>\u1ee6y ban cao c\u1ea5p<\/strong>: Lu\u00f4n ki\u1ebfm \u0111\u01b0\u1ee3c 15% t\u1eeb m\u1ed7i l\u1ea7n thanh to\u00e1n.<\/li>\n\n\n\n<li><strong>Thanh to\u00e1n linh ho\u1ea1t<\/strong>: S\u1eed d\u1ee5ng thu nh\u1eadp c\u1ee7a b\u1ea1n \u0111\u1ec3 thanh to\u00e1n cho c\u00e1c d\u1ecbch v\u1ee5 ProxyCompass ho\u1eb7c r\u00fat ti\u1ec1n.<\/li>\n\n\n\n<li><strong>Ng\u01b0\u1ee1ng r\u00fat ti\u1ec1n th\u1ea5p<\/strong>: Truy c\u1eadp thu nh\u1eadp c\u1ee7a b\u1ea1n d\u1ec5 d\u00e0ng v\u1edbi m\u1ee9c thanh to\u00e1n t\u1ed1i thi\u1ec3u l\u00e0 $100.<\/li>\n\n\n\n<li><strong>Theo d\u00f5i tr\u1ecdn \u0111\u1eddi<\/strong>:Khi ng\u01b0\u1eddi d\u00f9ng \u0111\u0103ng k\u00fd th\u00f4ng qua li\u00ean k\u1ebft gi\u1edbi thi\u1ec7u c\u1ee7a b\u1ea1n, h\u1ecd v\u1eabn \u0111\u01b0\u1ee3c li\u00ean k\u1ebft v\u1edbi t\u00e0i kho\u1ea3n c\u1ee7a b\u1ea1n cho t\u1ea5t c\u1ea3 c\u00e1c kho\u1ea3n hoa h\u1ed3ng trong t\u01b0\u01a1ng lai.<\/li>\n<\/ul>\n\n\n\n<h4 class=\"wp-block-heading\"><strong>C\u00e1ch tham gia ch\u01b0\u01a1ng tr\u00ecnh:<\/strong><\/h4>\n\n\n\n<ol class=\"wp-block-list\">\n<li><strong><a href=\"https:\/\/proxycompass.com\/vi\/account\/register.php\/\">\u0110\u0103ng k\u00fd<\/a><\/strong> trong khu v\u1ef1c kh\u00e1ch h\u00e0ng ProxyCompass \u0111\u1ec3 nh\u1eadn li\u00ean k\u1ebft li\u00ean k\u1ebft c\u00e1 nh\u00e2n c\u1ee7a b\u1ea1n.<\/li>\n\n\n\n<li>Chia s\u1ebb li\u00ean k\u1ebft duy nh\u1ea5t c\u1ee7a b\u1ea1n tr\u00ean nhi\u1ec1u n\u1ec1n t\u1ea3ng kh\u00e1c nhau theo h\u01b0\u1edbng d\u1eabn b\u00ean d\u01b0\u1edbi.<\/li>\n<\/ol>\n\n\n\n<h4 class=\"wp-block-heading\"><strong>\u00dd t\u01b0\u1edfng qu\u1ea3ng c\u00e1o:<\/strong><\/h4>\n\n\n\n<ol class=\"wp-block-list\">\n<li><strong>T\u1ea1o n\u1ed9i dung (Blog &amp; B\u00e0i vi\u1ebft)<\/strong>:\n<ul class=\"wp-block-list\">\n<li>Vi\u1ebft \u0111\u00e1nh gi\u00e1 v\u00e0 h\u01b0\u1edbng d\u1eabn v\u1ec1 ProxyCompass v\u00e0 c\u00e1c t\u00ednh n\u0103ng c\u1ee7a n\u00f3. \u0110\u0103ng ch\u00fang tr\u00ean blog c\u00e1 nh\u00e2n, Blogspot, Medium, Quora ho\u1eb7c c\u00e1c n\u1ec1n t\u1ea3ng li\u00ean quan kh\u00e1c. N\u00eau b\u1eadt c\u00e1ch c\u00e1c proxy cao c\u1ea5p c\u1ee7a ProxyCompass c\u00f3 th\u1ec3 t\u0103ng c\u01b0\u1eddng c\u00e1c ho\u1ea1t \u0111\u1ed9ng tr\u1ef1c tuy\u1ebfn nh\u01b0 thu th\u1eadp d\u1eef li\u1ec7u web, SEO ho\u1eb7c qu\u1ea3n l\u00fd nhi\u1ec1u t\u00e0i kho\u1ea3n.<\/li>\n<\/ul>\n<\/li>\n\n\n\n<li><strong>Video h\u01b0\u1edbng d\u1eabn &amp; \u0110\u00e1nh gi\u00e1<\/strong>:\n<ul class=\"wp-block-list\">\n<li>T\u1ea1o video h\u01b0\u1edbng d\u1eabn h\u1ea5p d\u1eabn tr\u00ean c\u00e1c n\u1ec1n t\u1ea3ng nh\u01b0 YouTube, TikTok ho\u1eb7c Twitch, gi\u1edbi thi\u1ec7u c\u00e1ch thi\u1ebft l\u1eadp v\u00e0 s\u1eed d\u1ee5ng proxy t\u1eeb ProxyCompass. Chia s\u1ebb kinh nghi\u1ec7m c\u00e1 nh\u00e2n v\u00e0 m\u1eb9o \u0111\u1ec3 t\u1ed1i \u0111a h\u00f3a d\u1ecbch v\u1ee5.<\/li>\n<\/ul>\n<\/li>\n\n\n\n<li><strong>T\u01b0\u01a1ng t\u00e1c tr\u00ean m\u1ea1ng x\u00e3 h\u1ed9i<\/strong>:\n<ul class=\"wp-block-list\">\n<li>Chia s\u1ebb b\u00e0i \u0111\u0103ng tr\u00ean Facebook, X, Instagram v\u00e0 LinkedIn v\u1edbi th\u00f4ng tin chi ti\u1ebft v\u1ec1 l\u1ee3i \u00edch khi s\u1eed d\u1ee5ng ProxyCompass. T\u1ea1o c\u00e2u chuy\u1ec7n ho\u1eb7c tham gia c\u00e1c cu\u1ed9c th\u1ea3o lu\u1eadn c\u00f3 li\u00ean quan \u0111\u1ec3 ti\u1ebfp c\u1eadn nhi\u1ec1u \u0111\u1ed1i t\u01b0\u1ee3ng h\u01a1n.<\/li>\n<\/ul>\n<\/li>\n\n\n\n<li><strong>Di\u1ec5n \u0111\u00e0n &amp; C\u1ed9ng \u0111\u1ed3ng tr\u1ef1c tuy\u1ebfn<\/strong>:\n<ul class=\"wp-block-list\">\n<li>Tham gia tr\u00f2 chuy\u1ec7n tr\u00ean di\u1ec5n \u0111\u00e0n, Reddit, nh\u00f3m Telegram v\u00e0 c\u1ed9ng \u0111\u1ed3ng Discord. \u0110\u01b0a ra \u00fd ki\u1ebfn \u0111\u00f3ng g\u00f3p c\u00f3 gi\u00e1 tr\u1ecb v\u00e0 chia s\u1ebb li\u00ean k\u1ebft li\u00ean k\u1ebft c\u1ee7a b\u1ea1n v\u1edbi ng\u01b0\u1eddi d\u00f9ng quan t\u00e2m.<\/li>\n<\/ul>\n<\/li>\n\n\n\n<li><strong>Qu\u1ea3ng c\u00e1o Banner<\/strong>:\n<ul class=\"wp-block-list\">\n<li>Thi\u1ebft k\u1ebf c\u00e1c bi\u1ec3u ng\u1eef h\u1ea5p d\u1eabn gi\u1edbi thi\u1ec7u nh\u1eefng \u01b0u \u0111i\u1ec3m c\u1ee7a ProxyCompass v\u00e0 \u0111\u1eb7t ch\u00fang tr\u00ean trang web, blog ho\u1eb7c trong b\u1ea3n tin email c\u1ee7a b\u1ea1n \u0111\u1ec3 thu h\u00fat nhi\u1ec1u l\u01b0u l\u01b0\u1ee3ng truy c\u1eadp h\u01a1n.<\/li>\n<\/ul>\n<\/li>\n\n\n\n<li><strong>Ti\u1ebfp th\u1ecb qua Email<\/strong>:\n<ul class=\"wp-block-list\">\n<li>\u0110\u01b0a li\u00ean k\u1ebft li\u00ean k\u1ebft c\u1ee7a b\u1ea1n v\u00e0o b\u1ea3n tin g\u1eedi cho ng\u01b0\u1eddi \u0111\u0103ng k\u00fd, cung c\u1ea5p th\u00f4ng tin chi ti\u1ebft v\u1ec1 c\u00e1c t\u00ednh n\u0103ng v\u00e0 l\u1ee3i \u00edch c\u1ee7a ProxyCompass.<\/li>\n<\/ul>\n<\/li>\n\n\n\n<li><strong>H\u1ee3p t\u00e1c v\u1edbi Webmaster<\/strong>:\n<ul class=\"wp-block-list\">\n<li>H\u1ee3p t\u00e1c v\u1edbi nh\u1eefng ch\u1ee7 s\u1edf h\u1eefu trang web ho\u1eb7c blog kh\u00e1c \u0111\u1ec3 hi\u1ec3n th\u1ecb bi\u1ec3u ng\u1eef ho\u1eb7c li\u00ean k\u1ebft \u0111\u1ec3 \u0111\u1ed5i l\u1ea5y m\u1ed9t ph\u1ea7n thu nh\u1eadp, m\u1edf r\u1ed9ng ph\u1ea1m vi ti\u1ebfp c\u1eadn c\u1ee7a b\u1ea1n.<\/li>\n<\/ul>\n<\/li>\n<\/ol>\n\n\n\n<h4 class=\"wp-block-heading\"><strong>C\u00e1c t\u00ednh n\u0103ng ch\u00ednh c\u1ee7a ProxyCompass:<\/strong><\/h4>\n\n\n\n<ul class=\"wp-block-list\">\n<li><strong>Proxy IPv4 t\u1ed1c \u0111\u1ed9 cao<\/strong>: H\u1ed7 tr\u1ee3 c\u1ea3 giao th\u1ee9c SOCKS5 v\u00e0 HTTP\/S.<\/li>\n\n\n\n<li><strong>T\u1ed1c \u0111\u1ed9 k\u1ebft n\u1ed1i nhanh<\/strong>: L\u00ean \u0111\u1ebfn 500 Mbps cho m\u1ed7i proxy \u0111\u1ec3 c\u00f3 hi\u1ec7u su\u1ea5t t\u1ed1i \u01b0u.<\/li>\n\n\n\n<li><strong>B\u0103ng th\u00f4ng kh\u00f4ng gi\u1edbi h\u1ea1n<\/strong>: Kh\u00f4ng c\u00f3 gi\u1edbi h\u1ea1n v\u1ec1 vi\u1ec7c s\u1eed d\u1ee5ng d\u1eef li\u1ec7u.<\/li>\n\n\n\n<li><strong>C\u00e1c m\u1ea1ng con IP \u0111a d\u1ea1ng<\/strong>: C\u1ea3i thi\u1ec7n t\u00ednh \u1ea9n danh v\u1edbi c\u00e1c proxy t\u1eeb c\u00e1c m\u1ea1ng con kh\u00e1c nhau.<\/li>\n\n\n\n<li><strong>Gi\u00e1 c\u1ea3 c\u1ea1nh tranh<\/strong>: Gi\u00e1 c\u1ea3 ph\u1ea3i ch\u0103ng v\u00e0 minh b\u1ea1ch.<\/li>\n\n\n\n<li><strong>K\u00edch ho\u1ea1t ngay l\u1eadp t\u1ee9c<\/strong>: T\u1ef1 \u0111\u1ed9ng k\u00edch ho\u1ea1t d\u1ecbch v\u1ee5 sau khi thanh to\u00e1n.<\/li>\n\n\n\n<li><strong>Nhi\u1ec1u l\u1ef1a ch\u1ecdn thanh to\u00e1n<\/strong>:H\u01a1n 100 lo\u1ea1i ti\u1ec1n \u0111i\u1ec7n t\u1eed, th\u1ebb ng\u00e2n h\u00e0ng (bao g\u1ed3m c\u1ea3 th\u1ebb Nga), Alipay v\u00e0 v\u00ed \u0111i\u1ec7n t\u1eed.<\/li>\n<\/ul>\n\n\n\n<h4 class=\"wp-block-heading\"><strong>Quy \u0111\u1ecbnh v\u00e0 h\u01b0\u1edbng d\u1eabn c\u1ee7a ch\u01b0\u01a1ng tr\u00ecnh li\u00ean k\u1ebft:<\/strong><\/h4>\n\n\n\n<ul class=\"wp-block-list\">\n<li><strong>S\u1ef1 th\u1ec3 hi\u1ec7n ch\u00ednh x\u00e1c<\/strong>: Qu\u1ea3ng b\u00e1 ProxyCompass m\u1ed9t c\u00e1ch trung th\u1ef1c, kh\u00f4ng \u0111\u01b0a th\u00f4ng tin sai l\u1ec7ch.<\/li>\n\n\n\n<li><strong>Kh\u00f4ng c\u00f3 th\u01b0 r\u00e1c<\/strong>:Tu\u00e2n th\u1ee7 lu\u1eadt ch\u1ed1ng th\u01b0 r\u00e1c v\u00e0 tr\u00e1nh m\u1ecdi h\u00e0nh vi g\u1eedi th\u01b0 r\u00e1c.<\/li>\n\n\n\n<li><strong>Tr\u00e1nh t\u1ef1 gi\u1edbi thi\u1ec7u<\/strong>: Vi\u1ec7c t\u1ea1o nhi\u1ec1u t\u00e0i kho\u1ea3n \u0111\u1ec3 ki\u1ebfm hoa h\u1ed3ng th\u00f4ng qua vi\u1ec7c t\u1ef1 gi\u1edbi thi\u1ec7u l\u00e0 ho\u00e0n to\u00e0n b\u1ecb nghi\u00eam c\u1ea5m.<\/li>\n\n\n\n<li><strong>Kh\u00f4ng c\u00f3 ho\u1ea1t \u0111\u1ed9ng b\u1ea5t h\u1ee3p ph\u00e1p<\/strong>: Kh\u00f4ng qu\u1ea3ng c\u00e1o tr\u00ean c\u00e1c trang web c\u00f3 n\u1ed9i dung b\u1ea5t h\u1ee3p ph\u00e1p, ph\u1ea3n c\u1ea3m ho\u1eb7c kh\u00f4ng ph\u00f9 h\u1ee3p.<\/li>\n\n\n\n<li><strong>T\u00f4n tr\u1ecdng s\u1edf h\u1eefu tr\u00ed tu\u1ec7<\/strong>: Kh\u00f4ng s\u1eed d\u1ee5ng th\u01b0\u01a1ng hi\u1ec7u ProxyCompass theo c\u00e1ch g\u00e2y hi\u1ec3u l\u1ea7m ho\u1eb7c tr\u00e1i ph\u00e9p.<\/li>\n\n\n\n<li><strong>Kh\u00f4ng l\u1eeba \u0111\u1ea3o ho\u1eb7c t\u00e0i kho\u1ea3n gi\u1ea3 m\u1ea1o<\/strong>:M\u1ecdi ho\u1ea1t \u0111\u1ed9ng qu\u1ea3ng c\u00e1o ph\u1ea3i h\u1ee3p ph\u00e1p v\u00e0 c\u00f3 \u0111\u1ea1o \u0111\u1ee9c.<\/li>\n<\/ul>\n\n\n\n<h4 class=\"wp-block-heading\"><strong>C\u00e1ch kh\u00f4ng n\u00ean qu\u1ea3ng b\u00e1 ProxyCompass:<\/strong><\/h4>\n\n\n\n<ul class=\"wp-block-list\">\n<li>Kh\u00f4ng t\u1ea1o t\u00e0i kho\u1ea3n gi\u1ea3 \u0111\u1ec3 ki\u1ebfm ti\u1ec1n hoa h\u1ed3ng li\u00ean k\u1ebft.<\/li>\n\n\n\n<li>Tr\u00e1nh g\u1eedi th\u01b0 r\u00e1c trong email, di\u1ec5n \u0111\u00e0n ho\u1eb7c blog.<\/li>\n\n\n\n<li>Kh\u00f4ng bao gi\u1edd t\u1ea1o trang web l\u1eeba \u0111\u1ea3o s\u1eed d\u1ee5ng th\u01b0\u01a1ng hi\u1ec7u c\u1ee7a ch\u00fang t\u00f4i.<\/li>\n\n\n\n<li>Kh\u00f4ng s\u1eed d\u1ee5ng th\u00f4ng tin l\u1ed7i th\u1eddi ho\u1eb7c g\u00e2y hi\u1ec3u l\u1ea7m v\u1ec1 ProxyCompass.<\/li>\n\n\n\n<li>Kh\u00f4ng qu\u1ea3ng b\u00e1 tr\u00ean c\u00e1c trang web c\u00f3 n\u1ed9i dung b\u1ea5t h\u1ee3p ph\u00e1p ho\u1eb7c ch\u1ea5t l\u01b0\u1ee3ng th\u1ea5p.<\/li>\n\n\n\n<li>Kh\u00f4ng s\u1eed d\u1ee5ng qu\u1ea3ng c\u00e1o tr\u1ea3 ph\u00ed v\u1edbi t\u1eeb kh\u00f3a th\u01b0\u01a1ng hi\u1ec7u c\u1ee7a ch\u00fang t\u00f4i m\u00e0 kh\u00f4ng \u0111\u01b0\u1ee3c ch\u1ea5p thu\u1eadn tr\u01b0\u1edbc.<\/li>\n<\/ul>\n\n\n\n<h4 class=\"wp-block-heading\"><strong>\u0110\u01b0\u1ee3c tr\u1ea3 ti\u1ec1n:<\/strong><\/h4>\n\n\n\n<ul class=\"wp-block-list\">\n<li>Thanh to\u00e1n \u0111\u01b0\u1ee3c th\u1ef1c hi\u1ec7n trong <strong>USDT TRC20<\/strong> v\u1edbi s\u1ed1 ti\u1ec1n r\u00fat t\u1ed1i thi\u1ec3u l\u00e0 <strong>$100<\/strong>. Li\u00ean h\u1ec7 v\u1edbi b\u1ed9 ph\u1eadn h\u1ed7 tr\u1ee3 kh\u00e1ch h\u00e0ng th\u00f4ng qua h\u1ec7 th\u1ed1ng phi\u1ebfu \u0111\u1ec3 r\u00fat ti\u1ec1n.<\/li>\n<\/ul>\n\n\n\n<h4 class=\"wp-block-heading\"><strong>C\u1ea7n tr\u1ee3 gi\u00fap?<\/strong><\/h4>\n\n\n\n<p>N\u1ebfu b\u1ea1n c\u00f3 b\u1ea5t k\u1ef3 c\u00e2u h\u1ecfi n\u00e0o ho\u1eb7c c\u1ea7n tr\u1ee3 gi\u00fap v\u1ec1 ch\u01b0\u01a1ng tr\u00ecnh khuy\u1ebfn m\u00e3i, h\u00e3y li\u00ean h\u1ec7 v\u1edbi nh\u00f3m h\u1ed7 tr\u1ee3 ProxyCompass. Ch\u00fang t\u00f4i \u1edf \u0111\u00e2y \u0111\u1ec3 gi\u00fap b\u1ea1n th\u00e0nh c\u00f4ng v\u1edbi t\u01b0 c\u00e1ch l\u00e0 \u0111\u1ed1i t\u00e1c li\u00ean k\u1ebft!<\/p>","protected":false},"excerpt":{"rendered":"<p>Program Overview: Join the ProxyCompass affiliate program and earn a lifetime commission of 15% on every payment made by clients you refer. Our program offers a simple way to make money while promoting a top-notch proxy service. Benefits of the ProxyCompass Affiliate Program: How to Join the Program: Promotion Ideas: Key Features of ProxyCompass: Affiliate [&hellip;]<\/p>\n","protected":false},"author":1,"featured_media":0,"parent":0,"menu_order":0,"comment_status":"closed","ping_status":"closed","template":"","meta":{"_acf_changed":false,"inline_featured_image":false,"footnotes":""},"class_list":["post-471256","page","type-page","status-publish","hentry"],"acf":[],"_links":{"self":[{"href":"https:\/\/proxycompass.com\/vi\/wp-json\/wp\/v2\/pages\/471256","targetHints":{"allow":["GET"]}}],"collection":[{"href":"https:\/\/proxycompass.com\/vi\/wp-json\/wp\/v2\/pages"}],"about":[{"href":"https:\/\/proxycompass.com\/vi\/wp-json\/wp\/v2\/types\/page"}],"author":[{"embeddable":true,"href":"https:\/\/proxycompass.com\/vi\/wp-json\/wp\/v2\/users\/1"}],"replies":[{"embeddable":true,"href":"https:\/\/proxycompass.com\/vi\/wp-json\/wp\/v2\/comments?post=471256"}],"version-history":[{"count":5,"href":"https:\/\/proxycompass.com\/vi\/wp-json\/wp\/v2\/pages\/471256\/revisions"}],"predecessor-version":[{"id":471513,"href":"https:\/\/proxycompass.com\/vi\/wp-json\/wp\/v2\/pages\/471256\/revisions\/471513"}],"wp:attachment":[{"href":"https:\/\/proxycompass.com\/vi\/wp-json\/wp\/v2\/media?parent=471256"}],"curies":[{"name":"wp","href":"https:\/\/api.w.org\/{rel}","templated":true}]}}